{"id":1114,"date":"2024-10-23T10:12:30","date_gmt":"2024-10-23T08:12:30","guid":{"rendered":"https:\/\/lezajskmzk.pl\/?page_id=1114"},"modified":"2024-10-23T12:14:31","modified_gmt":"2024-10-23T10:14:31","slug":"zakres-uslug","status":"publish","type":"page","link":"http:\/\/mzklezajsk.pl\/?page_id=1114","title":{"rendered":"Zakres us\u0142ug"},"content":{"rendered":"\t\t<div data-elementor-type=\"wp-page\" data-elementor-id=\"1114\" class=\"elementor elementor-1114\">\n\t\t\t\t\t\t<section class=\"elementor-section elementor-top-section elementor-element elementor-element-2c20080 elementor-section-boxed elementor-section-height-default elementor-section-height-default\" data-id=\"2c20080\" data-element_type=\"section\">\n\t\t\t\t\t\t<div class=\"elementor-container elementor-column-gap-default\">\n\t\t\t\t\t<div class=\"aux-parallax-section elementor-column elementor-col-100 elementor-top-column elementor-element elementor-element-3bc5a03\" data-id=\"3bc5a03\" data-element_type=\"column\">\n\t\t\t<div class=\"elementor-widget-wrap elementor-element-populated\">\n\t\t\t\t\t\t<div class=\"elementor-element elementor-element-749899b elementor-widget elementor-widget-text-editor\" data-id=\"749899b\" data-element_type=\"widget\" data-widget_type=\"text-editor.default\">\n\t\t\t\t<div class=\"elementor-widget-container\">\n\t\t\t\t\t\t\t<div id=\"main-content\" class=\"content-box\" data-space=\"0\"><h2>Zakres us\u0142ug<\/h2><p>Wydzia\u0142 gospodarki odpadami w\u00a0MZK Le\u017cajsk \u015bwiadczy nast\u0119puj\u0105ce us\u0142ugi:<\/p><ul><li>odbi\u00f3r i\u00a0wyw\u00f3z szerokiej gamy odpad\u00f3w komunalnych,<\/li><li>odbi\u00f3r i\u00a0wyw\u00f3z surowc\u00f3w wt\u00f3rnych,<\/li><li>odbi\u00f3r i\u00a0wyw\u00f3z nieczysto\u015bci p\u0142ynnych,<\/li><li>odbi\u00f3r zu\u017cytego sprz\u0119tu elektrycznego i\u00a0elektronicznego,<\/li><li>odbi\u00f3r zu\u017cytych baterii i\u00a0akumulator\u00f3w,<\/li><li>odbi\u00f3r odpad\u00f3w zielonych (trawa, li\u015bcie, ga\u0142\u0119zie),<\/li><li>wynajem kontener\u00f3w na odpady budowlane,<\/li><li>mechaniczne oczyszczanie ulic i\u00a0plac\u00f3w,<\/li><li>od\u015bnie\u017canie ulic i\u00a0plac\u00f3w.<\/li><\/ul><p>Wi\u0119cej informacji dotycz\u0105cych us\u0142ug mo\u017cna uzyska\u0107 dzwoni\u0105c pod numer: <a href=\"tel:172420212\">17 242 02 12<\/a><\/p><p><strong>Wszelkie uwagi i\u00a0wnioski<\/strong> zwi\u0105zane z\u00a0wywozem odpad\u00f3w od klient\u00f3w indywidualnych prosimy zg\u0142asza\u0107 w\u00a0Urz\u0119dzie Gminy lub Miasta w\u00a0w\u0142a\u015bciwym dla miejsca zamieszkania b\u0105d\u017a do MZK Le\u017cajsk dzwoni\u0105c pod numery telefon\u00f3w:<\/p><ul><li><a href=\"tel:172420212\">17 242 02 12<\/a><\/li><li><a href=\"tel:172420858\">17 242 08 58<\/a><\/li><li><a href=\"tel:172426206\">17 242 62 06 wew. 125<\/a><\/li><\/ul><\/div>\t\t\t\t\t\t<\/div>\n\t\t\t\t<\/div>\n\t\t\t\t\t<\/div>\n\t\t<\/div>\n\t\t\t\t\t<\/div>\n\t\t<\/section>\n\t\t\t\t<\/div>\n\t\t","protected":false},"excerpt":{"rendered":"<p>Zakres us\u0142ug Wydzia\u0142 gospodarki odpadami w\u00a0MZK Le\u017cajsk \u015bwiadczy nast\u0119puj\u0105ce us\u0142ugi: odbi\u00f3r i\u00a0wyw\u00f3z szerokiej gamy odpad\u00f3w komunalnych, odbi\u00f3r i\u00a0wyw\u00f3z surowc\u00f3w wt\u00f3rnych, odbi\u00f3r i\u00a0wyw\u00f3z nieczysto\u015bci p\u0142ynnych, odbi\u00f3r zu\u017cytego sprz\u0119tu elektrycznego i\u00a0elektronicznego, odbi\u00f3r zu\u017cytych baterii i\u00a0akumulator\u00f3w, odbi\u00f3r odpad\u00f3w zielonych (trawa, li\u015bcie, ga\u0142\u0119zie), wynajem kontener\u00f3w na odpady budowlane, mechaniczne oczyszczanie ulic i\u00a0plac\u00f3w, od\u015bnie\u017canie ulic i\u00a0plac\u00f3w. Wi\u0119cej informacji dotycz\u0105cych us\u0142ug [&hellip;]<\/p>\n","protected":false},"author":1,"featured_media":0,"parent":0,"menu_order":0,"comment_status":"closed","ping_status":"closed","template":"","meta":{"footnotes":""},"class_list":["post-1114","page","type-page","status-publish","hentry"],"_links":{"self":[{"href":"http:\/\/mzklezajsk.pl\/index.php?rest_route=\/wp\/v2\/pages\/1114","targetHints":{"allow":["GET"]}}],"collection":[{"href":"http:\/\/mzklezajsk.pl\/index.php?rest_route=\/wp\/v2\/pages"}],"about":[{"href":"http:\/\/mzklezajsk.pl\/index.php?rest_route=\/wp\/v2\/types\/page"}],"author":[{"embeddable":true,"href":"http:\/\/mzklezajsk.pl\/index.php?rest_route=\/wp\/v2\/users\/1"}],"replies":[{"embeddable":true,"href":"http:\/\/mzklezajsk.pl\/index.php?rest_route=%2Fwp%2Fv2%2Fcomments&post=1114"}],"version-history":[{"count":4,"href":"http:\/\/mzklezajsk.pl\/index.php?rest_route=\/wp\/v2\/pages\/1114\/revisions"}],"predecessor-version":[{"id":1373,"href":"http:\/\/mzklezajsk.pl\/index.php?rest_route=\/wp\/v2\/pages\/1114\/revisions\/1373"}],"wp:attachment":[{"href":"http:\/\/mzklezajsk.pl\/index.php?rest_route=%2Fwp%2Fv2%2Fmedia&parent=1114"}],"curies":[{"name":"wp","href":"https:\/\/api.w.org\/{rel}","templated":true}]}}