{"id":1272,"date":"2024-10-23T12:01:04","date_gmt":"2024-10-23T10:01:04","guid":{"rendered":"https:\/\/lezajskmzk.pl\/?page_id=1272"},"modified":"2024-11-15T08:19:10","modified_gmt":"2024-11-15T07:19:10","slug":"plan-cmentarza","status":"publish","type":"page","link":"http:\/\/mzklezajsk.pl\/?page_id=1272","title":{"rendered":"Plan Cmentarza"},"content":{"rendered":"\t\t<div data-elementor-type=\"wp-page\" data-elementor-id=\"1272\" class=\"elementor elementor-1272\">\n\t\t\t\t\t\t<section class=\"elementor-section elementor-top-section elementor-element elementor-element-a417883 elementor-section-boxed elementor-section-height-default elementor-section-height-default\" data-id=\"a417883\" data-element_type=\"section\">\n\t\t\t\t\t\t<div class=\"elementor-container elementor-column-gap-default\">\n\t\t\t\t\t<div class=\"aux-parallax-section elementor-column elementor-col-100 elementor-top-column elementor-element elementor-element-99aab30\" data-id=\"99aab30\" data-element_type=\"column\">\n\t\t\t<div class=\"elementor-widget-wrap elementor-element-populated\">\n\t\t\t\t\t\t<div class=\"elementor-element elementor-element-6f08407 elementor-widget elementor-widget-text-editor\" data-id=\"6f08407\" data-element_type=\"widget\" data-widget_type=\"text-editor.default\">\n\t\t\t\t<div class=\"elementor-widget-container\">\n\t\t\t\t\t\t\t<section class=\"content\"><div class=\"container content-container\"><div id=\"main-content\" class=\"content-box\" data-space=\"0\"><h2>Opis Cmentarza Komunalnego w\u00a0Le\u017cajsku<\/h2><ul><li>cmentarz zajmuje powierzchni\u0119 7 ha,<\/li><li>podzielony jest obecnie na 25 sektory, r\u00f3wnie\u017c na groby ziemne oraz groby murowane, dr\u00f3\u017cki na cmentarzu utwardzono sypkim materia\u0142em, a alejki wy\u0142o\u017cone zosta\u0142y p\u0142ytami chodnikowymi i\u00a0kostk\u0105,<\/li><li>w cz\u0119\u015bci po\u0142udniowo \u2013 zachodniej cmentarza umiejscowione jest kolumbarium,<\/li><li>cmentarz posiada w\u0142asny obszerny parking,<\/li><li>ca\u0142y cmentarz wyposa\u017cony jest w\u00a0sie\u0107 wodoci\u0105gow\u0105, zasilan\u0105 z\u00a0sieci miejskiej, z\u00a0punkt\u00f3w czerpalnych umiejscowionych na terenie, mo\u017ce by\u0107 ona u\u017cywana jedynie do podlewania ro\u015blin i\u00a0innych cel\u00f3w gospodarczych,<\/li><li>cmentarz mo\u017ce przyjmowa\u0107 do pochowania ka\u017cdego zmar\u0142ego, niezale\u017cnie od miejsca jego \u015bmierci i\u00a0ostatniego miejsca zamieszkania,<\/li><li>zapewnia pochowanie zmar\u0142ych w\u00a0zale\u017cno\u015bci od wyboru w\u00a0grobach tradycyjnych ziemnych i\u00a0murowanych, pojedynczych oraz rodzinnych t.z. wielomiejscowych, kolumbarium, \u00a0o\u00a0tym rodzaju grobu decyduje osoba uprawniona do pochowania zmar\u0142ego i\u00a0zlecaj\u0105ca pogrzeb.<\/li><\/ul><\/div><\/div><\/section>\t\t\t\t\t\t<\/div>\n\t\t\t\t<\/div>\n\t\t\t\t\t<\/div>\n\t\t<\/div>\n\t\t\t\t\t<\/div>\n\t\t<\/section>\n\t\t\t\t<section class=\"elementor-section elementor-top-section elementor-element elementor-element-288178c elementor-section-boxed elementor-section-height-default elementor-section-height-default\" data-id=\"288178c\" data-element_type=\"section\">\n\t\t\t\t\t\t<div class=\"elementor-container elementor-column-gap-default\">\n\t\t\t\t\t<div class=\"aux-parallax-section elementor-column elementor-col-100 elementor-top-column elementor-element elementor-element-2e264c4\" data-id=\"2e264c4\" data-element_type=\"column\">\n\t\t\t<div class=\"elementor-widget-wrap elementor-element-populated\">\n\t\t\t\t\t\t<div class=\"elementor-element elementor-element-dbd49ba elementor-widget elementor-widget-image\" data-id=\"dbd49ba\" data-element_type=\"widget\" data-widget_type=\"image.default\">\n\t\t\t\t<div class=\"elementor-widget-container\">\n\t\t\t\t\t\t\t\t\t\t\t\t\t<img fetchpriority=\"high\" decoding=\"async\" width=\"1274\" height=\"952\" src=\"http:\/\/mzklezajsk.pl\/wp-content\/uploads\/2024\/11\/plan_cmentarza.png\" class=\"attachment-full size-full wp-image-2290\" alt=\"\" srcset=\"http:\/\/mzklezajsk.pl\/wp-content\/uploads\/2024\/11\/plan_cmentarza.png 1274w, http:\/\/mzklezajsk.pl\/wp-content\/uploads\/2024\/11\/plan_cmentarza-200x149.png 200w\" sizes=\"(max-width: 1274px) 100vw, 1274px\" \/>\t\t\t\t\t\t\t\t\t\t\t\t\t<\/div>\n\t\t\t\t<\/div>\n\t\t\t\t\t<\/div>\n\t\t<\/div>\n\t\t\t\t\t<\/div>\n\t\t<\/section>\n\t\t\t\t<\/div>\n\t\t","protected":false},"excerpt":{"rendered":"<p>Opis Cmentarza Komunalnego w\u00a0Le\u017cajsku cmentarz zajmuje powierzchni\u0119 7 ha, podzielony jest obecnie na 25 sektory, r\u00f3wnie\u017c na groby ziemne oraz groby murowane, dr\u00f3\u017cki na cmentarzu utwardzono sypkim materia\u0142em, a alejki wy\u0142o\u017cone zosta\u0142y p\u0142ytami chodnikowymi i\u00a0kostk\u0105, w cz\u0119\u015bci po\u0142udniowo \u2013 zachodniej cmentarza umiejscowione jest kolumbarium, cmentarz posiada w\u0142asny obszerny parking, ca\u0142y cmentarz wyposa\u017cony jest w\u00a0sie\u0107 wodoci\u0105gow\u0105, [&hellip;]<\/p>\n","protected":false},"author":1,"featured_media":0,"parent":0,"menu_order":0,"comment_status":"closed","ping_status":"closed","template":"","meta":{"footnotes":""},"class_list":["post-1272","page","type-page","status-publish","hentry"],"_links":{"self":[{"href":"http:\/\/mzklezajsk.pl\/index.php?rest_route=\/wp\/v2\/pages\/1272","targetHints":{"allow":["GET"]}}],"collection":[{"href":"http:\/\/mzklezajsk.pl\/index.php?rest_route=\/wp\/v2\/pages"}],"about":[{"href":"http:\/\/mzklezajsk.pl\/index.php?rest_route=\/wp\/v2\/types\/page"}],"author":[{"embeddable":true,"href":"http:\/\/mzklezajsk.pl\/index.php?rest_route=\/wp\/v2\/users\/1"}],"replies":[{"embeddable":true,"href":"http:\/\/mzklezajsk.pl\/index.php?rest_route=%2Fwp%2Fv2%2Fcomments&post=1272"}],"version-history":[{"count":13,"href":"http:\/\/mzklezajsk.pl\/index.php?rest_route=\/wp\/v2\/pages\/1272\/revisions"}],"predecessor-version":[{"id":2378,"href":"http:\/\/mzklezajsk.pl\/index.php?rest_route=\/wp\/v2\/pages\/1272\/revisions\/2378"}],"wp:attachment":[{"href":"http:\/\/mzklezajsk.pl\/index.php?rest_route=%2Fwp%2Fv2%2Fmedia&parent=1272"}],"curies":[{"name":"wp","href":"https:\/\/api.w.org\/{rel}","templated":true}]}}