{"id":1278,"date":"2024-10-23T12:01:04","date_gmt":"2024-10-23T10:01:04","guid":{"rendered":"https:\/\/lezajskmzk.pl\/?page_id=1278"},"modified":"2024-11-15T08:15:35","modified_gmt":"2024-11-15T07:15:35","slug":"pogrzeb-swiecki","status":"publish","type":"page","link":"http:\/\/mzklezajsk.pl\/?page_id=1278","title":{"rendered":"Pogrzeb \u015bwiecki"},"content":{"rendered":"\t\t<div data-elementor-type=\"wp-page\" data-elementor-id=\"1278\" class=\"elementor elementor-1278\">\n\t\t\t\t\t\t<section class=\"elementor-section elementor-top-section elementor-element elementor-element-fbee64f elementor-section-boxed elementor-section-height-default elementor-section-height-default\" data-id=\"fbee64f\" data-element_type=\"section\">\n\t\t\t\t\t\t<div class=\"elementor-container elementor-column-gap-default\">\n\t\t\t\t\t<div class=\"aux-parallax-section elementor-column elementor-col-100 elementor-top-column elementor-element elementor-element-7477bad\" data-id=\"7477bad\" data-element_type=\"column\">\n\t\t\t<div class=\"elementor-widget-wrap elementor-element-populated\">\n\t\t\t\t\t\t<div class=\"elementor-element elementor-element-02af489 elementor-widget elementor-widget-text-editor\" data-id=\"02af489\" data-element_type=\"widget\" data-widget_type=\"text-editor.default\">\n\t\t\t\t<div class=\"elementor-widget-container\">\n\t\t\t\t\t\t\t<section class=\"content\"><div class=\"container content-container\"><div id=\"main-content\" class=\"content-box\" data-space=\"0\"><h2 style=\"text-align: left;\">Pogrzeb \u015bwiecki<\/h2><p style=\"text-align: left;\">Organizuj\u0105c pogrzeb \u015bwiecki nale\u017cy poinformowa\u0107 Zak\u0142ad Pogrzebowy o\u00a0takiej woli zmar\u0142ego lub najbli\u017cszych. Przyk\u0142adowy przebieg ceremonii opisujemy poni\u017cej.<\/p><p style=\"text-align: left;\">Przed ceremoni\u0105 pogrzebow\u0105\u00a0 obs\u0142uga\u00a0 umieszcza\u00a0 trumn\u0119 na katafalku, w\u00a0Kaplicy Cmentarnej. W tym czasie \u017ca\u0142obnicy sk\u0142adaj\u0105 wie\u0144ce i\u00a0wi\u0105zanki oraz maj\u0105 czas na modlitwy i\u00a0ostatnie po\u017cegnanie.<\/p><p style=\"text-align: left;\">Trumna jest zamkni\u0119ta i\u00a0obowi\u0105zuje zakaz jej otwierania ( rozporz\u0105dzenie Ministra Zdrowia z\u00a0dnia 07.12.2001 r. w\u00a0sprawie post\u0119powania ze zw\u0142okami i\u00a0szcz\u0105tkami ludzkimi (Dz. U. Nr 153, poz. 1783)<\/p><p style=\"text-align: left;\">O ustalonej godzinie osoba prowadz\u0105ca ceremoni\u0119 wita uczestnik\u00f3w oraz wyg\u0142asza mow\u0119 o\u00a0zmar\u0142ym. Po tym nast\u0119puje czas na ostatnie po\u017cegnanie, kt\u00f3remu towarzyszy utw\u00f3r muzyczny w\u00a0wybranej wcze\u015bniej formie. Nast\u0119pnie obs\u0142uga pogrzebowa przenosi trumn\u0119 ze zmar\u0142ym do karawanu po czym ca\u0142y kondukt \u017ca\u0142obny odprowadza zmar\u0142ego na miejsce poch\u00f3wku. Tutaj po ostatnim po\u017cegnaniu grabarze sk\u0142adaj\u0105 trumn\u0119 w\u00a0grobie i\u00a0po zamkni\u0119ciu grobowca uk\u0142adaj\u0105 wie\u0144ce i\u00a0kwiaty.<\/p><p style=\"text-align: left;\">Drugim wariantem przeprowadzenia \u015bwieckiej ceremonii pogrzebowej, to spotkanie uczestnik\u00f3w na terenie cmentarza przy grobie. W tym przypadku mowy pogrzebowe i\u00a0po\u017cegnanie zmar\u0142ego przebiegaj\u0105 we wcze\u015bniej ustalonym scenariuszu nad mogi\u0142\u0105. Istnieje mo\u017cliwo\u015b\u0107 odtworzenia wybranego utworu muzycznego po wcze\u015bniejszym ustaleniu jego formy.<\/p><p><img decoding=\"async\" class=\"alignleft\" src=\"https:\/\/mzklezajsk.pl\/upload\/pliki\/2020\/Kaplica_2.jpg\" alt=\"\" \/><\/p><\/div><\/div><\/section>\t\t\t\t\t\t<\/div>\n\t\t\t\t<\/div>\n\t\t\t\t\t<\/div>\n\t\t<\/div>\n\t\t\t\t\t<\/div>\n\t\t<\/section>\n\t\t\t\t<section class=\"elementor-section elementor-top-section elementor-element elementor-element-4b102cb elementor-section-boxed elementor-section-height-default elementor-section-height-default\" data-id=\"4b102cb\" data-element_type=\"section\">\n\t\t\t\t\t\t<div class=\"elementor-container elementor-column-gap-default\">\n\t\t\t\t\t<div class=\"aux-parallax-section elementor-column elementor-col-50 elementor-top-column elementor-element elementor-element-e4efc8a\" data-id=\"e4efc8a\" data-element_type=\"column\">\n\t\t\t<div class=\"elementor-widget-wrap\">\n\t\t\t\t\t\t\t<\/div>\n\t\t<\/div>\n\t\t\t\t<div class=\"aux-parallax-section elementor-column elementor-col-50 elementor-top-column elementor-element elementor-element-52d1c0d\" data-id=\"52d1c0d\" data-element_type=\"column\">\n\t\t\t<div class=\"elementor-widget-wrap elementor-element-populated\">\n\t\t\t\t\t\t<div class=\"elementor-element elementor-element-e63c87d elementor-widget__width-initial elementor-widget elementor-widget-image\" data-id=\"e63c87d\" data-element_type=\"widget\" data-widget_type=\"image.default\">\n\t\t\t\t<div class=\"elementor-widget-container\">\n\t\t\t\t\t\t\t\t\t\t\t\t\t<img fetchpriority=\"high\" decoding=\"async\" width=\"1975\" height=\"799\" src=\"http:\/\/mzklezajsk.pl\/wp-content\/uploads\/2024\/11\/cm_z_27.jpg\" class=\"attachment-full size-full wp-image-2315\" alt=\"\" srcset=\"http:\/\/mzklezajsk.pl\/wp-content\/uploads\/2024\/11\/cm_z_27.jpg 1975w, http:\/\/mzklezajsk.pl\/wp-content\/uploads\/2024\/11\/cm_z_27-1536x621.jpg 1536w, http:\/\/mzklezajsk.pl\/wp-content\/uploads\/2024\/11\/cm_z_27-200x81.jpg 200w\" sizes=\"(max-width: 1975px) 100vw, 1975px\" \/>\t\t\t\t\t\t\t\t\t\t\t\t\t<\/div>\n\t\t\t\t<\/div>\n\t\t\t\t\t<\/div>\n\t\t<\/div>\n\t\t\t\t\t<\/div>\n\t\t<\/section>\n\t\t\t\t<section class=\"elementor-section elementor-top-section elementor-element elementor-element-391c0db elementor-section-boxed elementor-section-height-default elementor-section-height-default\" data-id=\"391c0db\" data-element_type=\"section\">\n\t\t\t\t\t\t<div class=\"elementor-container elementor-column-gap-default\">\n\t\t\t\t\t<div class=\"aux-parallax-section elementor-column elementor-col-100 elementor-top-column elementor-element elementor-element-1a02b88\" data-id=\"1a02b88\" data-element_type=\"column\">\n\t\t\t<div class=\"elementor-widget-wrap\">\n\t\t\t\t\t\t\t<\/div>\n\t\t<\/div>\n\t\t\t\t\t<\/div>\n\t\t<\/section>\n\t\t\t\t<\/div>\n\t\t","protected":false},"excerpt":{"rendered":"<p>Pogrzeb \u015bwiecki Organizuj\u0105c pogrzeb \u015bwiecki nale\u017cy poinformowa\u0107 Zak\u0142ad Pogrzebowy o\u00a0takiej woli zmar\u0142ego lub najbli\u017cszych. Przyk\u0142adowy przebieg ceremonii opisujemy poni\u017cej. Przed ceremoni\u0105 pogrzebow\u0105\u00a0 obs\u0142uga\u00a0 umieszcza\u00a0 trumn\u0119 na katafalku, w\u00a0Kaplicy Cmentarnej. W tym czasie \u017ca\u0142obnicy sk\u0142adaj\u0105 wie\u0144ce i\u00a0wi\u0105zanki oraz maj\u0105 czas na modlitwy i\u00a0ostatnie po\u017cegnanie. Trumna jest zamkni\u0119ta i\u00a0obowi\u0105zuje zakaz jej otwierania ( rozporz\u0105dzenie Ministra Zdrowia z\u00a0dnia [&hellip;]<\/p>\n","protected":false},"author":1,"featured_media":0,"parent":0,"menu_order":0,"comment_status":"closed","ping_status":"closed","template":"","meta":{"footnotes":""},"class_list":["post-1278","page","type-page","status-publish","hentry"],"_links":{"self":[{"href":"http:\/\/mzklezajsk.pl\/index.php?rest_route=\/wp\/v2\/pages\/1278","targetHints":{"allow":["GET"]}}],"collection":[{"href":"http:\/\/mzklezajsk.pl\/index.php?rest_route=\/wp\/v2\/pages"}],"about":[{"href":"http:\/\/mzklezajsk.pl\/index.php?rest_route=\/wp\/v2\/types\/page"}],"author":[{"embeddable":true,"href":"http:\/\/mzklezajsk.pl\/index.php?rest_route=\/wp\/v2\/users\/1"}],"replies":[{"embeddable":true,"href":"http:\/\/mzklezajsk.pl\/index.php?rest_route=%2Fwp%2Fv2%2Fcomments&post=1278"}],"version-history":[{"count":13,"href":"http:\/\/mzklezajsk.pl\/index.php?rest_route=\/wp\/v2\/pages\/1278\/revisions"}],"predecessor-version":[{"id":2372,"href":"http:\/\/mzklezajsk.pl\/index.php?rest_route=\/wp\/v2\/pages\/1278\/revisions\/2372"}],"wp:attachment":[{"href":"http:\/\/mzklezajsk.pl\/index.php?rest_route=%2Fwp%2Fv2%2Fmedia&parent=1278"}],"curies":[{"name":"wp","href":"https:\/\/api.w.org\/{rel}","templated":true}]}}