{"id":889,"date":"2024-10-22T10:15:09","date_gmt":"2024-10-22T08:15:09","guid":{"rendered":"https:\/\/lezajskmzk.pl\/?page_id=889"},"modified":"2025-06-10T08:10:44","modified_gmt":"2025-06-10T06:10:44","slug":"rodo","status":"publish","type":"page","link":"http:\/\/mzklezajsk.pl\/?page_id=889","title":{"rendered":"RODO"},"content":{"rendered":"\t\t<div data-elementor-type=\"wp-page\" data-elementor-id=\"889\" class=\"elementor elementor-889\">\n\t\t\t\t\t\t<section class=\"elementor-section elementor-top-section elementor-element elementor-element-3619970 elementor-section-boxed elementor-section-height-default elementor-section-height-default\" data-id=\"3619970\" data-element_type=\"section\">\n\t\t\t\t\t\t<div class=\"elementor-container elementor-column-gap-default\">\n\t\t\t\t\t<div class=\"aux-parallax-section elementor-column elementor-col-100 elementor-top-column elementor-element elementor-element-aab03c2\" data-id=\"aab03c2\" data-element_type=\"column\">\n\t\t\t<div class=\"elementor-widget-wrap elementor-element-populated\">\n\t\t\t\t\t\t<div class=\"elementor-element elementor-element-42f9540 elementor-widget elementor-widget-text-editor\" data-id=\"42f9540\" data-element_type=\"widget\" data-widget_type=\"text-editor.default\">\n\t\t\t\t<div class=\"elementor-widget-container\">\n\t\t\t\t\t\t\t<h2>Pliki do pobrania<\/h2><h3>Klauzula informacyjna<\/h3><h5><a href=\"http:\/\/mzklezajsk.pl\/wp-content\/uploads\/2024\/10\/klauzula_informacyjna_ogolna.doc\" target=\"_blank\" rel=\"noopener\">Klauzula informacyjna dla klient\u00f3w Miejskiego Zak\u0142adu Komunalnego Sp. z o.o. w Le\u017cajsku<\/a><\/h5><h5><a href=\"http:\/\/mzklezajsk.pl\/wp-content\/uploads\/2024\/12\/klauzula_informacyjna_ogolna-pdf.pdf\">Klauzula informacyjna dla klient\u00f3w Miejskiego Zak\u0142adu Komunalnego Sp. z o.o. w Le\u017cajsku PDF<\/a><\/h5>\t\t\t\t\t\t<\/div>\n\t\t\t\t<\/div>\n\t\t\t\t\t<\/div>\n\t\t<\/div>\n\t\t\t\t\t<\/div>\n\t\t<\/section>\n\t\t\t\t<section class=\"elementor-section elementor-top-section elementor-element elementor-element-80b5194 elementor-section-boxed elementor-section-height-default elementor-section-height-default\" data-id=\"80b5194\" data-element_type=\"section\">\n\t\t\t\t\t\t<div class=\"elementor-container elementor-column-gap-default\">\n\t\t\t\t\t<div class=\"aux-parallax-section elementor-column elementor-col-100 elementor-top-column elementor-element elementor-element-609333d\" data-id=\"609333d\" data-element_type=\"column\">\n\t\t\t<div class=\"elementor-widget-wrap elementor-element-populated\">\n\t\t\t\t\t\t<div class=\"elementor-element elementor-element-38eb4db elementor-widget elementor-widget-text-editor\" data-id=\"38eb4db\" data-element_type=\"widget\" data-widget_type=\"text-editor.default\">\n\t\t\t\t<div class=\"elementor-widget-container\">\n\t\t\t\t\t\t\t<h3>Monitoring wizyjny<\/h3><article class=\"file-to-download\"><p>Miejski Zak\u0142ad Komunalny sp. z\u00a0o.o. informuje, \u017ce na terenie Sp\u00f3\u0142ki stosowany jest monitoring wizyjny. O\u00a0stosowaniu Monitoringu Wizyjnego informuj\u0105 widoczne tabliczki lub plakietki umieszczone bezpo\u015brednio w\u00a0miejscu zbierania danych (wizerunku) np.\u00a0na drzwiach wej\u015bciowych, bramach wjazdowych, tablicach og\u0142osze\u0144 lub na zapleczu.<\/p><\/article><p><a href=\"http:\/\/mzklezajsk.pl\/wp-content\/uploads\/2024\/10\/Regulamin_monitoringu.doc\"><strong>Regulamin funkcjonowania monitoringu wizyjnego w Miejskim Zak\u0142adzie Komunalnym Sp. z o.o. w Le\u017cajsku<\/strong><\/a><\/p>\t\t\t\t\t\t<\/div>\n\t\t\t\t<\/div>\n\t\t\t\t\t<\/div>\n\t\t<\/div>\n\t\t\t\t\t<\/div>\n\t\t<\/section>\n\t\t\t\t<\/div>\n\t\t","protected":false},"excerpt":{"rendered":"<p>Pliki do pobrania Klauzula informacyjna Klauzula informacyjna dla klient\u00f3w Miejskiego Zak\u0142adu Komunalnego Sp. z o.o. w Le\u017cajsku Klauzula informacyjna dla klient\u00f3w Miejskiego Zak\u0142adu Komunalnego Sp. z o.o. w Le\u017cajsku PDF Monitoring wizyjny Miejski Zak\u0142ad Komunalny sp. z\u00a0o.o. informuje, \u017ce na terenie Sp\u00f3\u0142ki stosowany jest monitoring wizyjny. O\u00a0stosowaniu Monitoringu Wizyjnego informuj\u0105 widoczne tabliczki lub plakietki umieszczone [&hellip;]<\/p>\n","protected":false},"author":1,"featured_media":0,"parent":0,"menu_order":0,"comment_status":"closed","ping_status":"closed","template":"","meta":{"footnotes":""},"class_list":["post-889","page","type-page","status-publish","hentry"],"_links":{"self":[{"href":"http:\/\/mzklezajsk.pl\/index.php?rest_route=\/wp\/v2\/pages\/889","targetHints":{"allow":["GET"]}}],"collection":[{"href":"http:\/\/mzklezajsk.pl\/index.php?rest_route=\/wp\/v2\/pages"}],"about":[{"href":"http:\/\/mzklezajsk.pl\/index.php?rest_route=\/wp\/v2\/types\/page"}],"author":[{"embeddable":true,"href":"http:\/\/mzklezajsk.pl\/index.php?rest_route=\/wp\/v2\/users\/1"}],"replies":[{"embeddable":true,"href":"http:\/\/mzklezajsk.pl\/index.php?rest_route=%2Fwp%2Fv2%2Fcomments&post=889"}],"version-history":[{"count":22,"href":"http:\/\/mzklezajsk.pl\/index.php?rest_route=\/wp\/v2\/pages\/889\/revisions"}],"predecessor-version":[{"id":3255,"href":"http:\/\/mzklezajsk.pl\/index.php?rest_route=\/wp\/v2\/pages\/889\/revisions\/3255"}],"wp:attachment":[{"href":"http:\/\/mzklezajsk.pl\/index.php?rest_route=%2Fwp%2Fv2%2Fmedia&parent=889"}],"curies":[{"name":"wp","href":"https:\/\/api.w.org\/{rel}","templated":true}]}}