{"id":977,"date":"2024-10-22T11:37:42","date_gmt":"2024-10-22T09:37:42","guid":{"rendered":"https:\/\/lezajskmzk.pl\/?page_id=977"},"modified":"2024-12-04T09:44:28","modified_gmt":"2024-12-04T08:44:28","slug":"energetyka-cieplna","status":"publish","type":"page","link":"http:\/\/mzklezajsk.pl\/?page_id=977","title":{"rendered":"Energetyka cieplna"},"content":{"rendered":"\t\t<div data-elementor-type=\"wp-page\" data-elementor-id=\"977\" class=\"elementor elementor-977\">\n\t\t\t\t\t\t<section class=\"elementor-section elementor-top-section elementor-element elementor-element-2fc4c06 elementor-section-boxed elementor-section-height-default elementor-section-height-default\" data-id=\"2fc4c06\" data-element_type=\"section\">\n\t\t\t\t\t\t<div class=\"elementor-container elementor-column-gap-default\">\n\t\t\t\t\t<div class=\"aux-parallax-section elementor-column elementor-col-100 elementor-top-column elementor-element elementor-element-19edaa6\" data-id=\"19edaa6\" data-element_type=\"column\">\n\t\t\t<div class=\"elementor-widget-wrap elementor-element-populated\">\n\t\t\t\t\t\t<div class=\"elementor-element elementor-element-580c660 elementor-widget elementor-widget-text-editor\" data-id=\"580c660\" data-element_type=\"widget\" data-widget_type=\"text-editor.default\">\n\t\t\t\t<div class=\"elementor-widget-container\">\n\t\t\t\t\t\t\t<div id=\"main-content\" class=\"content-box\" data-space=\"0\"><p style=\"text-align: center;\">Od 1 grudnia 2020 r. sprawy nale\u017c\u0105ce do Wydzia\u0142u Energetyki Cieplnej prowadzi Veolia Wsch\u00f3d Sp. z\u00a0o.o.<\/p><p style=\"text-align: center;\"><strong><u>Sprawy eksploatacyjne:<\/u><\/strong><\/p><p style=\"text-align: center;\"><a href=\"tel:+48172420996\">+48 17\u00a0242 09 96<\/a> &#8211; 24h\/dob\u0119<\/p><p style=\"text-align: center;\"><a href=\"tel:724260576\">724 260 576<\/a> &#8211; 7.00-15.00<\/p><p style=\"text-align: center;\"><u>Ciep\u0142ownia Veolia:<\/u><\/p><p style=\"text-align: center;\"><a href=\"tel:172404250\">+48 17\u00a0240 42 50<\/a> &#8211; 24h\/dob\u0119<\/p><p style=\"text-align: center;\"><u>Rozliczenia i\u00a0faktury:<\/u><\/p><p style=\"text-align: center;\"><a href=\"tel:+48134914250\">+48 13\u00a0491 42 50<\/a> &#8211; 7.00-15.00<\/p><p style=\"text-align: center;\"><a href=\"tel:609109249\">609 109 249 <\/a>&#8211; 7.00-15.00<\/p><\/div>\t\t\t\t\t\t<\/div>\n\t\t\t\t<\/div>\n\t\t\t\t\t<\/div>\n\t\t<\/div>\n\t\t\t\t\t<\/div>\n\t\t<\/section>\n\t\t\t\t<\/div>\n\t\t","protected":false},"excerpt":{"rendered":"<p>Od 1 grudnia 2020 r. sprawy nale\u017c\u0105ce do Wydzia\u0142u Energetyki Cieplnej prowadzi Veolia Wsch\u00f3d Sp. z\u00a0o.o. Sprawy eksploatacyjne: +48 17\u00a0242 09 96 &#8211; 24h\/dob\u0119 724 260 576 &#8211; 7.00-15.00 Ciep\u0142ownia Veolia: +48 17\u00a0240 42 50 &#8211; 24h\/dob\u0119 Rozliczenia i\u00a0faktury: +48 13\u00a0491 42 50 &#8211; 7.00-15.00 609 109 249 &#8211; 7.00-15.00<\/p>\n","protected":false},"author":1,"featured_media":0,"parent":0,"menu_order":0,"comment_status":"closed","ping_status":"closed","template":"","meta":{"footnotes":""},"class_list":["post-977","page","type-page","status-publish","hentry"],"_links":{"self":[{"href":"http:\/\/mzklezajsk.pl\/index.php?rest_route=\/wp\/v2\/pages\/977","targetHints":{"allow":["GET"]}}],"collection":[{"href":"http:\/\/mzklezajsk.pl\/index.php?rest_route=\/wp\/v2\/pages"}],"about":[{"href":"http:\/\/mzklezajsk.pl\/index.php?rest_route=\/wp\/v2\/types\/page"}],"author":[{"embeddable":true,"href":"http:\/\/mzklezajsk.pl\/index.php?rest_route=\/wp\/v2\/users\/1"}],"replies":[{"embeddable":true,"href":"http:\/\/mzklezajsk.pl\/index.php?rest_route=%2Fwp%2Fv2%2Fcomments&post=977"}],"version-history":[{"count":10,"href":"http:\/\/mzklezajsk.pl\/index.php?rest_route=\/wp\/v2\/pages\/977\/revisions"}],"predecessor-version":[{"id":2583,"href":"http:\/\/mzklezajsk.pl\/index.php?rest_route=\/wp\/v2\/pages\/977\/revisions\/2583"}],"wp:attachment":[{"href":"http:\/\/mzklezajsk.pl\/index.php?rest_route=%2Fwp%2Fv2%2Fmedia&parent=977"}],"curies":[{"name":"wp","href":"https:\/\/api.w.org\/{rel}","templated":true}]}}