{"id":1249,"date":"2024-10-23T11:51:03","date_gmt":"2024-10-23T09:51:03","guid":{"rendered":"https:\/\/lezajskmzk.pl\/?page_id=1249"},"modified":"2024-10-23T13:39:46","modified_gmt":"2024-10-23T11:39:46","slug":"punkt-selektywnej-zbiorki-odpadow-komunalnych","status":"publish","type":"page","link":"https:\/\/mzklezajsk.pl\/?page_id=1249","title":{"rendered":"Punkt Selektywnej Zbi\u00f3rki Odpad\u00f3w Komunalnych"},"content":{"rendered":"\t\t<div data-elementor-type=\"wp-page\" data-elementor-id=\"1249\" class=\"elementor elementor-1249\">\n\t\t\t\t\t\t<section class=\"elementor-section elementor-top-section elementor-element elementor-element-38c9b95 elementor-section-boxed elementor-section-height-default elementor-section-height-default\" data-id=\"38c9b95\" data-element_type=\"section\">\n\t\t\t\t\t\t<div class=\"elementor-container elementor-column-gap-default\">\n\t\t\t\t\t<div class=\"aux-parallax-section elementor-column elementor-col-100 elementor-top-column elementor-element elementor-element-2ce4680\" data-id=\"2ce4680\" data-element_type=\"column\">\n\t\t\t<div class=\"elementor-widget-wrap elementor-element-populated\">\n\t\t\t\t\t\t<div class=\"elementor-element elementor-element-69333c1 elementor-widget elementor-widget-text-editor\" data-id=\"69333c1\" data-element_type=\"widget\" data-widget_type=\"text-editor.default\">\n\t\t\t\t<div class=\"elementor-widget-container\">\n\t\t\t\t\t\t\t<div id=\"main-content\" class=\"content-box\" data-space=\"0\"><h2>Punkt Selektywnej Zbi\u00f3rki Odpad\u00f3w Komunalnych &#8211; PSZOK<\/h2><p>Na terenie Kompostowni KOMWITA\u00ae funkcjonuje Punkt Zbi\u00f3rki odpad\u00f3w ulegaj\u0105cych biodegradacji (ga\u0142\u0119zie, trawa, li\u015bcie), do kt\u00f3rego mo\u017cna dostarcza\u0107 tego rodzaju odpady.<\/p><p>Dodatkowo wyst\u0119puje mo\u017cliwo\u015b\u0107 dostarczania do Kompostowani odpad\u00f3w tj.:<\/p><ul><li>s\u0142oma,<\/li><li>troty,<\/li><li>odpady z\u00a0kory i\u00a0drewna.<\/li><\/ul><p><strong>Przyjmowanie odpad\u00f3w ulegaj\u0105cych biodegradacji prowadzone jest przez sze\u015b\u0107 dni w\u00a0tygodniu:<\/strong><\/p><ul><li><strong>od poniedzia\u0142ku do pi\u0105tku w\u00a0godzinach 7:00 &#8211;\u00a015:00<\/strong><\/li><li><strong>w sobot\u0119 w\u00a0godzinach\u00a08:00 &#8211;\u00a012:00<\/strong><\/li><\/ul><p><strong>Szczeg\u00f3\u0142owe informacje mo\u017cna uzyska\u0107 pod numerem telefonu: <a href=\"tel:172421580\">17\u00a0242 15 80<\/a>.<\/strong><\/p><\/div>\t\t\t\t\t\t<\/div>\n\t\t\t\t<\/div>\n\t\t\t\t\t<\/div>\n\t\t<\/div>\n\t\t\t\t\t<\/div>\n\t\t<\/section>\n\t\t\t\t<\/div>\n\t\t","protected":false},"excerpt":{"rendered":"<p>Punkt Selektywnej Zbi\u00f3rki Odpad\u00f3w Komunalnych &#8211; PSZOK Na terenie Kompostowni KOMWITA\u00ae funkcjonuje Punkt Zbi\u00f3rki odpad\u00f3w ulegaj\u0105cych biodegradacji (ga\u0142\u0119zie, trawa, li\u015bcie), do kt\u00f3rego mo\u017cna dostarcza\u0107 tego rodzaju odpady. Dodatkowo wyst\u0119puje mo\u017cliwo\u015b\u0107 dostarczania do Kompostowani odpad\u00f3w tj.: s\u0142oma, troty, odpady z\u00a0kory i\u00a0drewna. Przyjmowanie odpad\u00f3w ulegaj\u0105cych biodegradacji prowadzone jest przez sze\u015b\u0107 dni w\u00a0tygodniu: od poniedzia\u0142ku do pi\u0105tku w\u00a0godzinach [&hellip;]<\/p>\n","protected":false},"author":1,"featured_media":0,"parent":0,"menu_order":0,"comment_status":"closed","ping_status":"closed","template":"","meta":{"footnotes":""},"class_list":["post-1249","page","type-page","status-publish","hentry"],"_links":{"self":[{"href":"https:\/\/mzklezajsk.pl\/index.php?rest_route=\/wp\/v2\/pages\/1249","targetHints":{"allow":["GET"]}}],"collection":[{"href":"https:\/\/mzklezajsk.pl\/index.php?rest_route=\/wp\/v2\/pages"}],"about":[{"href":"https:\/\/mzklezajsk.pl\/index.php?rest_route=\/wp\/v2\/types\/page"}],"author":[{"embeddable":true,"href":"https:\/\/mzklezajsk.pl\/index.php?rest_route=\/wp\/v2\/users\/1"}],"replies":[{"embeddable":true,"href":"https:\/\/mzklezajsk.pl\/index.php?rest_route=%2Fwp%2Fv2%2Fcomments&post=1249"}],"version-history":[{"count":4,"href":"https:\/\/mzklezajsk.pl\/index.php?rest_route=\/wp\/v2\/pages\/1249\/revisions"}],"predecessor-version":[{"id":1496,"href":"https:\/\/mzklezajsk.pl\/index.php?rest_route=\/wp\/v2\/pages\/1249\/revisions\/1496"}],"wp:attachment":[{"href":"https:\/\/mzklezajsk.pl\/index.php?rest_route=%2Fwp%2Fv2%2Fmedia&parent=1249"}],"curies":[{"name":"wp","href":"https:\/\/api.w.org\/{rel}","templated":true}]}}