{"id":1250,"date":"2024-10-23T11:51:04","date_gmt":"2024-10-23T09:51:04","guid":{"rendered":"https:\/\/lezajskmzk.pl\/?page_id=1250"},"modified":"2026-04-14T13:51:53","modified_gmt":"2026-04-14T11:51:53","slug":"pliki-do-pobrania","status":"publish","type":"page","link":"https:\/\/mzklezajsk.pl\/?page_id=1250","title":{"rendered":"Pliki do pobrania"},"content":{"rendered":"\t\t<div data-elementor-type=\"wp-page\" data-elementor-id=\"1250\" class=\"elementor elementor-1250\">\n\t\t\t\t\t\t<section class=\"elementor-section elementor-top-section elementor-element elementor-element-8c66b64 elementor-section-boxed elementor-section-height-default elementor-section-height-default\" data-id=\"8c66b64\" data-element_type=\"section\">\n\t\t\t\t\t\t<div class=\"elementor-container elementor-column-gap-default\">\n\t\t\t\t\t<div class=\"aux-parallax-section elementor-column elementor-col-100 elementor-top-column elementor-element elementor-element-a596b33\" data-id=\"a596b33\" data-element_type=\"column\">\n\t\t\t<div class=\"elementor-widget-wrap elementor-element-populated\">\n\t\t\t\t\t\t<div class=\"elementor-element elementor-element-27de14c elementor-widget elementor-widget-text-editor\" data-id=\"27de14c\" data-element_type=\"widget\" data-widget_type=\"text-editor.default\">\n\t\t\t\t<div class=\"elementor-widget-container\">\n\t\t\t\t\t\t\t<h2>Pliki do pobrania<\/h2><p><a href=\"http:\/\/mzklezajsk.pl\/wp-content\/uploads\/2026\/04\/Cennik-kompostownia-2.pdf\">Cennik sprzeda\u017cy kompostu \u201eKomwita\u201d <\/a><\/p><p><a href=\"http:\/\/mzklezajsk.pl\/wp-content\/uploads\/2024\/10\/2ulotka_do_strony.pdf\">Ulotka <\/a><a href=\"http:\/\/mzklezajsk.pl\/wp-content\/uploads\/2026\/04\/Cennik-kompostownia-2.pdf\">\u201e<\/a><a href=\"http:\/\/mzklezajsk.pl\/wp-content\/uploads\/2024\/10\/2ulotka_do_strony.pdf\">Komwita&#8221;<\/a><\/p><p><a href=\"http:\/\/mzklezajsk.pl\/wp-content\/uploads\/2024\/10\/3Wykaz_przyjmowanych_odpadow.pdf\">Wykaz rodzaju odpad\u00f3w przewidzianych do przetworzenia<\/a><\/p><p><a href=\"http:\/\/mzklezajsk.pl\/wp-content\/uploads\/2024\/10\/4Wzor_zamowienia_na_nawoz_organic.pdf\">Wz\u00f3r zam\u00f3wienia na naw\u00f3z organiczny Komwit<\/a><\/p>\t\t\t\t\t\t<\/div>\n\t\t\t\t<\/div>\n\t\t\t\t\t<\/div>\n\t\t<\/div>\n\t\t\t\t\t<\/div>\n\t\t<\/section>\n\t\t\t\t<\/div>\n\t\t","protected":false},"excerpt":{"rendered":"<p>Pliki do pobrania Cennik sprzeda\u017cy kompostu \u201eKomwita\u201d Ulotka \u201eKomwita&#8221; Wykaz rodzaju odpad\u00f3w przewidzianych do przetworzenia Wz\u00f3r zam\u00f3wienia na naw\u00f3z organiczny Komwit<\/p>\n","protected":false},"author":1,"featured_media":0,"parent":0,"menu_order":0,"comment_status":"closed","ping_status":"closed","template":"","meta":{"footnotes":""},"class_list":["post-1250","page","type-page","status-publish","hentry"],"_links":{"self":[{"href":"https:\/\/mzklezajsk.pl\/index.php?rest_route=\/wp\/v2\/pages\/1250","targetHints":{"allow":["GET"]}}],"collection":[{"href":"https:\/\/mzklezajsk.pl\/index.php?rest_route=\/wp\/v2\/pages"}],"about":[{"href":"https:\/\/mzklezajsk.pl\/index.php?rest_route=\/wp\/v2\/types\/page"}],"author":[{"embeddable":true,"href":"https:\/\/mzklezajsk.pl\/index.php?rest_route=\/wp\/v2\/users\/1"}],"replies":[{"embeddable":true,"href":"https:\/\/mzklezajsk.pl\/index.php?rest_route=%2Fwp%2Fv2%2Fcomments&post=1250"}],"version-history":[{"count":25,"href":"https:\/\/mzklezajsk.pl\/index.php?rest_route=\/wp\/v2\/pages\/1250\/revisions"}],"predecessor-version":[{"id":3783,"href":"https:\/\/mzklezajsk.pl\/index.php?rest_route=\/wp\/v2\/pages\/1250\/revisions\/3783"}],"wp:attachment":[{"href":"https:\/\/mzklezajsk.pl\/index.php?rest_route=%2Fwp%2Fv2%2Fmedia&parent=1250"}],"curies":[{"name":"wp","href":"https:\/\/api.w.org\/{rel}","templated":true}]}}