{"id":1275,"date":"2024-10-23T12:01:04","date_gmt":"2024-10-23T10:01:04","guid":{"rendered":"https:\/\/lezajskmzk.pl\/?page_id=1275"},"modified":"2024-11-15T07:08:39","modified_gmt":"2024-11-15T06:08:39","slug":"organizacja-pogrzebu","status":"publish","type":"page","link":"https:\/\/mzklezajsk.pl\/?page_id=1275","title":{"rendered":"Organizacja pogrzebu"},"content":{"rendered":"\t\t<div data-elementor-type=\"wp-page\" data-elementor-id=\"1275\" class=\"elementor elementor-1275\">\n\t\t\t\t\t\t<section class=\"elementor-section elementor-top-section elementor-element elementor-element-e66f96f elementor-section-boxed elementor-section-height-default elementor-section-height-default\" data-id=\"e66f96f\" data-element_type=\"section\">\n\t\t\t\t\t\t<div class=\"elementor-container elementor-column-gap-default\">\n\t\t\t\t\t<div class=\"aux-parallax-section elementor-column elementor-col-100 elementor-top-column elementor-element elementor-element-6d5e5dc\" data-id=\"6d5e5dc\" data-element_type=\"column\">\n\t\t\t<div class=\"elementor-widget-wrap elementor-element-populated\">\n\t\t\t\t\t\t<div class=\"elementor-element elementor-element-c5300a9 elementor-widget elementor-widget-text-editor\" data-id=\"c5300a9\" data-element_type=\"widget\" data-widget_type=\"text-editor.default\">\n\t\t\t\t<div class=\"elementor-widget-container\">\n\t\t\t\t\t\t\t<section class=\"content\"><div class=\"container content-container\"><div id=\"main-content\" class=\"content-box\" data-space=\"0\"><p>\u015amier\u0107 bliskiej nam osoby cz\u0119sto jest szokiem w\u00a0kt\u00f3rym nie jeste\u015bmy w\u00a0stanie my\u015ble\u0107 racjonalnie i\u00a0podejmowa\u0107 w\u0142a\u015bciwe decyzje, dlatego poni\u017cej zamie\u015bcili\u015bmy kr\u00f3tki opis post\u0119powania w\u00a0tej ci\u0119\u017ckiej chwili.<\/p><h2>Co zrobi\u0107 je\u015bli zgon nast\u0105pi w\u00a0domu?<\/h2><ol><li>Wezwa\u0107 lekarza aby stwierdzi\u0142 zgon.<br \/><strong>Stwierdzenie zgonu \u2013 zasada og\u00f3lna.<\/strong> Jest zasad\u0105, i\u017c stwierdzenie zgonu oraz wystawianie karty zgonu powinien dokona\u0107 lekarz, kt\u00f3ry leczy\u0142 chorego w\u00a0jego ostatniej chorobie. Mowa tu o\u00a0lekarzu, kt\u00f3ry jako ostatni, w\u00a0okresie 30 dni poprzedzaj\u0105cych zgon, udzieli\u0142 choremu pomocy, najcz\u0119\u015bciej jest to lekarz rodzinny.<br \/><strong>Stwierdzenie zgonu \u2013 zasady szczeg\u00f3lne.<\/strong> W przypadku, gdy lekarz rodzinny nie mo\u017ce stwierdzi\u0107 zgonu obowi\u0105zek ten spoczywa na innym lekarzu. Dotyczy to sytuacji, gdy nie mo\u017cna ustali\u0107, kt\u00f3ry z\u00a0lekarzy udzieli\u0142 jako ostatni pomocy zmar\u0142emu lub, je\u017celi lekarz rodzinny zamieszkuje w\u00a0odleg\u0142o\u015bci wi\u0119kszej ni\u017c 4 km od miejsca, w\u00a0kt\u00f3rym znajduj\u0105 si\u0119 zw\u0142oki, albo z\u00a0powodu choroby lub innych uzasadnionych przyczyn nie mo\u017ce dokona\u0107 ogl\u0119dzin zw\u0142ok w\u00a0ci\u0105gu 12 godzin od chwili wezwania. W praktyce najcz\u0119\u015bciej lekarzem wzywanym do nag\u0142ego wypadku lub zachorowania jest lekarz pogotowia ratunkowego. Je\u017celi przyb\u0119dzie on na miejsce ju\u017c po nast\u0105pieniu zgonu, nie b\u0119dzie w\u0142a\u015bciwy do wystawienia karty zgonu. Powinien natomiast stwierdzi\u0107 zgon w\u00a0znaczeniu faktycznym i\u00a0sporz\u0105dzi\u0107 dokument stwierdzenia zgonu. Dokument ten b\u0119dzie podstaw\u0105 do wystawienia karty zgonu dla innego w\u0142a\u015bciwego lekarza. Je\u017celi lekarz pogotowia wezwany do nag\u0142ego wypadku lub zachorowania zasta\u0142 chorego jeszcze przy \u017cyciu i\u00a0przed \u015bmierci\u0105 zd\u0105\u017cy\u0142 mu udzieli\u0107 \u015bwiadczenia leczniczego aczkolwiek nieskutecznie, to lekarz ten b\u0119dzie w\u0142a\u015bciwym lekarzem do stwierdzenia zgonu i\u00a0wystawienia karty zgonu.<\/li><li value=\"2\">Nale\u017cy skontaktowa\u0107 si\u0119 z\u00a0przedstawicielem naszej firmy dzwoni\u0105c pod ca\u0142odobowy numer <strong>605 760\u00a0613 <\/strong>aby przewie\u015b\u0107 zmar\u0142ego z\u00a0domu do Kaplicy Cmentarnej.<\/li><li value=\"3\">Je\u017celi nie posiadacie Pa\u0144stwo karty zgonu nale\u017cy z\u00a0za\u015bwiadczeniem stwierdzenia zgonu uda\u0107 si\u0119 do lekarza w\u0142a\u015bciwego aby j\u0105 otrzyma\u0107.<\/li><li value=\"4\">Nast\u0119pnie nale\u017cy uda\u0107 si\u0119 z\u00a0dowodem osobistym osoby zmar\u0142ej oraz kart\u0105 zgonu do Urz\u0119du Stanu Cywilnego w\u0142a\u015bciwego dla miejsca zgonu, gdzie otrzymaj\u0105 Pa\u0144stwo akt zgonu.<\/li><li value=\"5\">W celu za\u0142atwienia wszelkich formalno\u015bci pogrzebowych nale\u017cy przynie\u015b\u0107 do Naszej firmy kart\u0119 zgonu. Po ustaleniu daty oraz godziny pogrzebu nale\u017cy uda\u0107 si\u0119 do kancelarii parafialnej zmar\u0142ego (je\u015bli zmar\u0142y by\u0142 osob\u0105 wierz\u0105c\u0105) w\u00a0celu poinformowania ksi\u0119dza o\u00a0terminie pogrzebu.<\/li><li value=\"6\">Po zorganizowanym pogrzebie nale\u017cy si\u0119 uda\u0107 do ZUS lub KRUS w\u00a0celu wyp\u0142aty zasi\u0142ku pogrzebowego.<\/li><\/ol><p>\u00a0<\/p><\/div><\/div><\/section><section class=\"bottom-contact\"><div class=\"container bottom-contact-container\"><p class=\"bottom-contact__paragraph\">\u00a0<\/p><\/div><\/section>\t\t\t\t\t\t<\/div>\n\t\t\t\t<\/div>\n\t\t\t\t\t<\/div>\n\t\t<\/div>\n\t\t\t\t\t<\/div>\n\t\t<\/section>\n\t\t\t\t<section class=\"elementor-section elementor-top-section elementor-element elementor-element-70c9c83 elementor-section-boxed elementor-section-height-default elementor-section-height-default\" data-id=\"70c9c83\" data-element_type=\"section\">\n\t\t\t\t\t\t<div class=\"elementor-container elementor-column-gap-default\">\n\t\t\t\t\t<div class=\"aux-parallax-section elementor-column elementor-col-100 elementor-top-column elementor-element elementor-element-58f2995\" data-id=\"58f2995\" data-element_type=\"column\">\n\t\t\t<div class=\"elementor-widget-wrap elementor-element-populated\">\n\t\t\t\t\t\t<div class=\"elementor-element elementor-element-3c60ee4 elementor-widget elementor-widget-image\" data-id=\"3c60ee4\" data-element_type=\"widget\" data-widget_type=\"image.default\">\n\t\t\t\t<div class=\"elementor-widget-container\">\n\t\t\t\t\t\t\t\t\t\t\t\t\t<img fetchpriority=\"high\" decoding=\"async\" width=\"768\" height=\"768\" src=\"https:\/\/mzklezajsk.pl\/wp-content\/uploads\/2024\/11\/cm_z_1-768x768.jpg\" class=\"attachment-medium_large size-medium_large wp-image-2297\" alt=\"\" srcset=\"https:\/\/mzklezajsk.pl\/wp-content\/uploads\/2024\/11\/cm_z_1-768x768.jpg 768w, https:\/\/mzklezajsk.pl\/wp-content\/uploads\/2024\/11\/cm_z_1-300x300.jpg 300w, https:\/\/mzklezajsk.pl\/wp-content\/uploads\/2024\/11\/cm_z_1-1024x1024.jpg 1024w, https:\/\/mzklezajsk.pl\/wp-content\/uploads\/2024\/11\/cm_z_1-150x150.jpg 150w\" sizes=\"(max-width: 768px) 100vw, 768px\" \/>\t\t\t\t\t\t\t\t\t\t\t\t\t<\/div>\n\t\t\t\t<\/div>\n\t\t\t\t<div class=\"elementor-element elementor-element-852b07e elementor-widget elementor-widget-text-editor\" data-id=\"852b07e\" data-element_type=\"widget\" data-widget_type=\"text-editor.default\">\n\t\t\t\t<div class=\"elementor-widget-container\">\n\t\t\t\t\t\t\t<section class=\"content\"><div class=\"container content-container\"><div id=\"main-content\" class=\"content-box\" data-space=\"0\"><h2>Co zrobi\u0107 je\u015bli zgon nast\u0105pi w\u00a0szpitalu?<\/h2><ol><li>Nale\u017cy zg\u0142osi\u0107 si\u0119 do szpitala gdzie otrzymuj\u0105 Pa\u0144stwo kart\u0119 zgonu.<\/li><li>Z przygotowanym ubraniem dla zmar\u0142ego oraz z\u00a0kart\u0105 zgonu nale\u017cy uda\u0107 si\u0119 do prosektorium szpitalnego w\u00a0celu przygotowania zmar\u0142ego do pogrzebu.<\/li><li>Uda\u0107 si\u0119 ze swoim dowodem to\u017csamo\u015bci, dowodem osobistym osoby zmar\u0142ej oraz kart\u0105 zgonu do Urz\u0119du Stanu Cywilnego w\u0142a\u015bciwego dla miejsca zgonu, kt\u00f3ry wyda akt zgonu.<\/li><li>W celu za\u0142atwienia wszelkich formalno\u015bci pogrzebowych nale\u017cy przynie\u015b\u0107 do Naszej firmy kart\u0119 zgonu. Po ustaleniu daty oraz godziny pogrzebu nale\u017cy uda\u0107 si\u0119 do kancelarii parafialnej zmar\u0142ego (je\u015bli zmar\u0142y by\u0142 osob\u0105 wierz\u0105c\u0105) w\u00a0celu poinformowania ksi\u0119dza o\u00a0terminie pogrzebu.<\/li><li>Po zorganizowanym pogrzebie mo\u017cna si\u0119 uda\u0107 do ZUS lub KRUS w\u00a0celu wyp\u0142aty zasi\u0142ku pogrzebowego.<\/li><\/ol><p>\u00a0<\/p><\/div><\/div><\/section><section class=\"bottom-contact\"><div class=\"container bottom-contact-container\"><p class=\"bottom-contact__paragraph\">\u00a0<\/p><\/div><\/section>\t\t\t\t\t\t<\/div>\n\t\t\t\t<\/div>\n\t\t\t\t\t<\/div>\n\t\t<\/div>\n\t\t\t\t\t<\/div>\n\t\t<\/section>\n\t\t\t\t<section class=\"elementor-section elementor-top-section elementor-element elementor-element-5c3b7e6 elementor-section-boxed elementor-section-height-default elementor-section-height-default\" data-id=\"5c3b7e6\" data-element_type=\"section\">\n\t\t\t\t\t\t<div class=\"elementor-container elementor-column-gap-default\">\n\t\t\t\t\t<div class=\"aux-parallax-section elementor-column elementor-col-100 elementor-top-column elementor-element elementor-element-3842701\" data-id=\"3842701\" data-element_type=\"column\">\n\t\t\t<div class=\"elementor-widget-wrap elementor-element-populated\">\n\t\t\t\t\t\t<div class=\"elementor-element elementor-element-c92695a elementor-widget elementor-widget-image\" data-id=\"c92695a\" data-element_type=\"widget\" data-widget_type=\"image.default\">\n\t\t\t\t<div class=\"elementor-widget-container\">\n\t\t\t\t\t\t\t\t\t\t\t\t\t<img decoding=\"async\" width=\"768\" height=\"768\" src=\"https:\/\/mzklezajsk.pl\/wp-content\/uploads\/2024\/11\/cm_z_43-768x768.jpg\" class=\"attachment-medium_large size-medium_large wp-image-2301\" alt=\"\" srcset=\"https:\/\/mzklezajsk.pl\/wp-content\/uploads\/2024\/11\/cm_z_43-768x768.jpg 768w, https:\/\/mzklezajsk.pl\/wp-content\/uploads\/2024\/11\/cm_z_43-300x300.jpg 300w, https:\/\/mzklezajsk.pl\/wp-content\/uploads\/2024\/11\/cm_z_43-1024x1024.jpg 1024w, https:\/\/mzklezajsk.pl\/wp-content\/uploads\/2024\/11\/cm_z_43-150x150.jpg 150w\" sizes=\"(max-width: 768px) 100vw, 768px\" \/>\t\t\t\t\t\t\t\t\t\t\t\t\t<\/div>\n\t\t\t\t<\/div>\n\t\t\t\t\t<\/div>\n\t\t<\/div>\n\t\t\t\t\t<\/div>\n\t\t<\/section>\n\t\t\t\t<\/div>\n\t\t","protected":false},"excerpt":{"rendered":"<p>\u015amier\u0107 bliskiej nam osoby cz\u0119sto jest szokiem w\u00a0kt\u00f3rym nie jeste\u015bmy w\u00a0stanie my\u015ble\u0107 racjonalnie i\u00a0podejmowa\u0107 w\u0142a\u015bciwe decyzje, dlatego poni\u017cej zamie\u015bcili\u015bmy kr\u00f3tki opis post\u0119powania w\u00a0tej ci\u0119\u017ckiej chwili. Co zrobi\u0107 je\u015bli zgon nast\u0105pi w\u00a0domu? Wezwa\u0107 lekarza aby stwierdzi\u0142 zgon.Stwierdzenie zgonu \u2013 zasada og\u00f3lna. Jest zasad\u0105, i\u017c stwierdzenie zgonu oraz wystawianie karty zgonu powinien dokona\u0107 lekarz, kt\u00f3ry leczy\u0142 chorego [&hellip;]<\/p>\n","protected":false},"author":1,"featured_media":0,"parent":0,"menu_order":0,"comment_status":"closed","ping_status":"closed","template":"","meta":{"footnotes":""},"class_list":["post-1275","page","type-page","status-publish","hentry"],"_links":{"self":[{"href":"https:\/\/mzklezajsk.pl\/index.php?rest_route=\/wp\/v2\/pages\/1275","targetHints":{"allow":["GET"]}}],"collection":[{"href":"https:\/\/mzklezajsk.pl\/index.php?rest_route=\/wp\/v2\/pages"}],"about":[{"href":"https:\/\/mzklezajsk.pl\/index.php?rest_route=\/wp\/v2\/types\/page"}],"author":[{"embeddable":true,"href":"https:\/\/mzklezajsk.pl\/index.php?rest_route=\/wp\/v2\/users\/1"}],"replies":[{"embeddable":true,"href":"https:\/\/mzklezajsk.pl\/index.php?rest_route=%2Fwp%2Fv2%2Fcomments&post=1275"}],"version-history":[{"count":10,"href":"https:\/\/mzklezajsk.pl\/index.php?rest_route=\/wp\/v2\/pages\/1275\/revisions"}],"predecessor-version":[{"id":2304,"href":"https:\/\/mzklezajsk.pl\/index.php?rest_route=\/wp\/v2\/pages\/1275\/revisions\/2304"}],"wp:attachment":[{"href":"https:\/\/mzklezajsk.pl\/index.php?rest_route=%2Fwp%2Fv2%2Fmedia&parent=1275"}],"curies":[{"name":"wp","href":"https:\/\/api.w.org\/{rel}","templated":true}]}}