{"id":1280,"date":"2024-10-23T12:01:04","date_gmt":"2024-10-23T10:01:04","guid":{"rendered":"https:\/\/lezajskmzk.pl\/?page_id=1280"},"modified":"2026-02-05T14:14:12","modified_gmt":"2026-02-05T13:14:12","slug":"jak-otrzymac-zasilek-pogrzebowy","status":"publish","type":"page","link":"https:\/\/mzklezajsk.pl\/?page_id=1280","title":{"rendered":"Jak otrzyma\u0107 zasi\u0142ek pogrzebowy"},"content":{"rendered":"\t\t<div data-elementor-type=\"wp-page\" data-elementor-id=\"1280\" class=\"elementor elementor-1280\">\n\t\t\t\t\t\t<section class=\"elementor-section elementor-top-section elementor-element elementor-element-4c10b01 elementor-section-boxed elementor-section-height-default elementor-section-height-default\" data-id=\"4c10b01\" data-element_type=\"section\">\n\t\t\t\t\t\t<div class=\"elementor-container elementor-column-gap-default\">\n\t\t\t\t\t<div class=\"aux-parallax-section elementor-column elementor-col-100 elementor-top-column elementor-element elementor-element-d22cc02\" data-id=\"d22cc02\" data-element_type=\"column\">\n\t\t\t<div class=\"elementor-widget-wrap elementor-element-populated\">\n\t\t\t\t\t\t<div class=\"elementor-element elementor-element-d260911 elementor-widget elementor-widget-text-editor\" data-id=\"d260911\" data-element_type=\"widget\" data-widget_type=\"text-editor.default\">\n\t\t\t\t<div class=\"elementor-widget-container\">\n\t\t\t\t\t\t\t<div id=\"main-content\" class=\"content-box\" data-space=\"0\"><h2>Jak otrzyma\u0107 zasi\u0142ek pogrzebowy<\/h2><p>Zasi\u0142ek pogrzebowy przys\u0142uguje w\u00a0razie \u015bmierci osoby podlegaj\u0105cej ubezpieczeniu emerytalnemu i\u00a0rentowym, osoby pobieraj\u0105cej emerytur\u0119 lub rent\u0119, osoby, kt\u00f3ra w\u00a0dniu \u015bmierci nie mia\u0142a ustalonego prawa do emerytury lub renty lecz spe\u0142nia\u0142a warunki do jej uzyskania i\u00a0pobierania oraz cz\u0142onka rodziny osoby ubezpieczonej lub pobieraj\u0105cej emerytur\u0119 lub rent\u0119. Zasi\u0142ek pogrzebowy przys\u0142uguje r\u00f3wnie\u017c w\u00a0razie \u015bmierci ubezpieczonego po ustaniu ubezpieczenia, je\u017celi \u015bmier\u0107 nast\u0105pi\u0142a w\u00a0okresie pobierania zasi\u0142ku chorobowego, \u015bwiadczenia rehabilitacyjnego lub zasi\u0142ku macierzy\u0144skiego. Zasi\u0142ek pogrzebowy przys\u0142uguje osobie, kt\u00f3ra pokry\u0142a koszty pogrzebu. Zasi\u0142ek pogrzebowy przys\u0142uguje tylko z\u00a0jednego tytu\u0142u.<\/p><p><strong>Wniosek o\u00a0wyp\u0142at\u0119 zasi\u0142ku pogrzebowego sk\u0142ada osoba, kt\u00f3ra pokry\u0142a koszty pogrzebu.<\/strong><\/p><p>Wniosek o\u00a0wyp\u0142at\u0119 zasi\u0142ku pogrzebowego mo\u017ce z\u0142o\u017cy\u0107 tak\u017ce pracodawca, dom pomocy spo\u0142ecznej, gmina, powiat, osoba prawna ko\u015bcio\u0142a lub zwi\u0105zku wyznaniowego, je\u017celi pokry\u0142y koszty pogrzebu.<\/p><p>Osoba lub podmiot wyst\u0119puj\u0105cy o\u00a0zasi\u0142ek pogrzebowy \u00a0odpowiednio sk\u0142ada:<\/p><ol><li>Wniosek o\u00a0wyp\u0142at\u0119 zasi\u0142ku pogrzebowego na druku <a href=\"http:\/\/www.zus.pl\/default.asp?p=5&amp;id=1083#p47\" target=\"_blank\" rel=\"noopener\">ZUS Z 12<\/a>,<\/li><li>Odpis skr\u00f3cony aktu zgonu albo odpis zupe\u0142ny aktu urodzenia dziecka z\u00a0adnotacj\u0105, \u017ce dziecko urodzi\u0142o si\u0119 martwe,<\/li><li>Orygina\u0142y rachunk\u00f3w poniesionych koszt\u00f3w pogrzebu, a je\u017celi orygina\u0142y zosta\u0142y z\u0142o\u017cone w\u00a0banku \u2013 kopie rachunk\u00f3w potwierdzonych przez bank,<\/li><li>Za\u015bwiadczenie p\u0142atnika sk\u0142adek o\u00a0podleganiu ubezpieczeniom emerytalnemu i\u00a0rentowym<\/li><\/ol><p>Prawo do zasi\u0142ku pogrzebowego wygasa w\u00a0razie niez\u0142o\u017cenia wniosku o\u00a0jego przyznanie w\u00a0okresie 12 miesi\u0119cy od dnia \u015bmierci osoby, po kt\u00f3rej zasi\u0142ek przys\u0142uguje.<\/p><p>Zasi\u0142ek pogrzebowy wyp\u0142acany przez ZUS, KRUS, MSWiA, WBE od 01.01.2026 roku wynosi 7000 z\u0142.<\/p><\/div>\t\t\t\t\t\t<\/div>\n\t\t\t\t<\/div>\n\t\t\t\t\t<\/div>\n\t\t<\/div>\n\t\t\t\t\t<\/div>\n\t\t<\/section>\n\t\t\t\t<\/div>\n\t\t","protected":false},"excerpt":{"rendered":"<p>Jak otrzyma\u0107 zasi\u0142ek pogrzebowy Zasi\u0142ek pogrzebowy przys\u0142uguje w\u00a0razie \u015bmierci osoby podlegaj\u0105cej ubezpieczeniu emerytalnemu i\u00a0rentowym, osoby pobieraj\u0105cej emerytur\u0119 lub rent\u0119, osoby, kt\u00f3ra w\u00a0dniu \u015bmierci nie mia\u0142a ustalonego prawa do emerytury lub renty lecz spe\u0142nia\u0142a warunki do jej uzyskania i\u00a0pobierania oraz cz\u0142onka rodziny osoby ubezpieczonej lub pobieraj\u0105cej emerytur\u0119 lub rent\u0119. Zasi\u0142ek pogrzebowy przys\u0142uguje r\u00f3wnie\u017c w\u00a0razie \u015bmierci ubezpieczonego [&hellip;]<\/p>\n","protected":false},"author":1,"featured_media":0,"parent":0,"menu_order":0,"comment_status":"closed","ping_status":"closed","template":"","meta":{"footnotes":""},"class_list":["post-1280","page","type-page","status-publish","hentry"],"_links":{"self":[{"href":"https:\/\/mzklezajsk.pl\/index.php?rest_route=\/wp\/v2\/pages\/1280","targetHints":{"allow":["GET"]}}],"collection":[{"href":"https:\/\/mzklezajsk.pl\/index.php?rest_route=\/wp\/v2\/pages"}],"about":[{"href":"https:\/\/mzklezajsk.pl\/index.php?rest_route=\/wp\/v2\/types\/page"}],"author":[{"embeddable":true,"href":"https:\/\/mzklezajsk.pl\/index.php?rest_route=\/wp\/v2\/users\/1"}],"replies":[{"embeddable":true,"href":"https:\/\/mzklezajsk.pl\/index.php?rest_route=%2Fwp%2Fv2%2Fcomments&post=1280"}],"version-history":[{"count":7,"href":"https:\/\/mzklezajsk.pl\/index.php?rest_route=\/wp\/v2\/pages\/1280\/revisions"}],"predecessor-version":[{"id":3697,"href":"https:\/\/mzklezajsk.pl\/index.php?rest_route=\/wp\/v2\/pages\/1280\/revisions\/3697"}],"wp:attachment":[{"href":"https:\/\/mzklezajsk.pl\/index.php?rest_route=%2Fwp%2Fv2%2Fmedia&parent=1280"}],"curies":[{"name":"wp","href":"https:\/\/api.w.org\/{rel}","templated":true}]}}