{"id":1282,"date":"2024-10-23T12:01:04","date_gmt":"2024-10-23T10:01:04","guid":{"rendered":"https:\/\/lezajskmzk.pl\/?page_id=1282"},"modified":"2024-10-23T14:43:02","modified_gmt":"2024-10-23T12:43:02","slug":"pogotowie-pogrzebowe","status":"publish","type":"page","link":"https:\/\/mzklezajsk.pl\/?page_id=1282","title":{"rendered":"Pogotowie pogrzebowe"},"content":{"rendered":"\t\t<div data-elementor-type=\"wp-page\" data-elementor-id=\"1282\" class=\"elementor elementor-1282\">\n\t\t\t\t\t\t<section class=\"elementor-section elementor-top-section elementor-element elementor-element-3703985 elementor-section-boxed elementor-section-height-default elementor-section-height-default\" data-id=\"3703985\" data-element_type=\"section\">\n\t\t\t\t\t\t<div class=\"elementor-container elementor-column-gap-default\">\n\t\t\t\t\t<div class=\"aux-parallax-section elementor-column elementor-col-100 elementor-top-column elementor-element elementor-element-67910e2\" data-id=\"67910e2\" data-element_type=\"column\">\n\t\t\t<div class=\"elementor-widget-wrap elementor-element-populated\">\n\t\t\t\t\t\t<div class=\"elementor-element elementor-element-a854ea3 elementor-widget elementor-widget-text-editor\" data-id=\"a854ea3\" data-element_type=\"widget\" data-widget_type=\"text-editor.default\">\n\t\t\t\t<div class=\"elementor-widget-container\">\n\t\t\t\t\t\t\t<div id=\"main-content\" class=\"content-box\" data-space=\"0\"><h2>Pogotowie pogrzebowe<\/h2><p>Jeste\u015bmy do Pa\u0144stwa dyspozycji przez ca\u0142odobowe pogotowie pogrzebowe dzia\u0142aj\u0105ce przez 24 godziny na dob\u0119, 7 dni w\u00a0tygodniu, tak\u017ce w\u00a0dni wolne i\u00a0\u015bwi\u0119ta.<\/p><p>Pracownicy pogotowia pogrzebowego przyjmuj\u0105 telefonicznie:<\/p><ul><li>Zlecenia odbioru osoby zmar\u0142ej z\u00a0miejsca zgonu i\u00a0przewiezienie jej do naszej ch\u0142odni,<\/li><li>Rezerwacj\u0119 termin\u00f3w pogrzebu lub kremacji,<\/li><li>Koordynuj\u0105 sprawy zwi\u0105zane z\u00a0czynno\u015bciami pogrzebowymi oraz s\u0142u\u017c\u0105 rad\u0105 i\u00a0pomoc\u0105 w\u00a0tej trudnej sytuacji.<\/li><\/ul><p align=\"center\"><strong>Pogotowie pogrzebowe<br \/>tel. <a href=\"tel:605760613\">605 760 613<\/a><\/strong><\/p><\/div>\t\t\t\t\t\t<\/div>\n\t\t\t\t<\/div>\n\t\t\t\t\t<\/div>\n\t\t<\/div>\n\t\t\t\t\t<\/div>\n\t\t<\/section>\n\t\t\t\t<\/div>\n\t\t","protected":false},"excerpt":{"rendered":"<p>Pogotowie pogrzebowe Jeste\u015bmy do Pa\u0144stwa dyspozycji przez ca\u0142odobowe pogotowie pogrzebowe dzia\u0142aj\u0105ce przez 24 godziny na dob\u0119, 7 dni w\u00a0tygodniu, tak\u017ce w\u00a0dni wolne i\u00a0\u015bwi\u0119ta. Pracownicy pogotowia pogrzebowego przyjmuj\u0105 telefonicznie: Zlecenia odbioru osoby zmar\u0142ej z\u00a0miejsca zgonu i\u00a0przewiezienie jej do naszej ch\u0142odni, Rezerwacj\u0119 termin\u00f3w pogrzebu lub kremacji, Koordynuj\u0105 sprawy zwi\u0105zane z\u00a0czynno\u015bciami pogrzebowymi oraz s\u0142u\u017c\u0105 rad\u0105 i\u00a0pomoc\u0105 w\u00a0tej trudnej [&hellip;]<\/p>\n","protected":false},"author":1,"featured_media":0,"parent":0,"menu_order":0,"comment_status":"closed","ping_status":"closed","template":"","meta":{"footnotes":""},"class_list":["post-1282","page","type-page","status-publish","hentry"],"_links":{"self":[{"href":"https:\/\/mzklezajsk.pl\/index.php?rest_route=\/wp\/v2\/pages\/1282","targetHints":{"allow":["GET"]}}],"collection":[{"href":"https:\/\/mzklezajsk.pl\/index.php?rest_route=\/wp\/v2\/pages"}],"about":[{"href":"https:\/\/mzklezajsk.pl\/index.php?rest_route=\/wp\/v2\/types\/page"}],"author":[{"embeddable":true,"href":"https:\/\/mzklezajsk.pl\/index.php?rest_route=\/wp\/v2\/users\/1"}],"replies":[{"embeddable":true,"href":"https:\/\/mzklezajsk.pl\/index.php?rest_route=%2Fwp%2Fv2%2Fcomments&post=1282"}],"version-history":[{"count":4,"href":"https:\/\/mzklezajsk.pl\/index.php?rest_route=\/wp\/v2\/pages\/1282\/revisions"}],"predecessor-version":[{"id":1535,"href":"https:\/\/mzklezajsk.pl\/index.php?rest_route=\/wp\/v2\/pages\/1282\/revisions\/1535"}],"wp:attachment":[{"href":"https:\/\/mzklezajsk.pl\/index.php?rest_route=%2Fwp%2Fv2%2Fmedia&parent=1282"}],"curies":[{"name":"wp","href":"https:\/\/api.w.org\/{rel}","templated":true}]}}