{"id":1544,"date":"2024-10-24T07:24:21","date_gmt":"2024-10-24T05:24:21","guid":{"rendered":"https:\/\/lezajskmzk.pl\/?page_id=1544"},"modified":"2025-06-12T13:16:20","modified_gmt":"2025-06-12T11:16:20","slug":"kompostownia-komwita-pliki-do-pobrania-2","status":"publish","type":"page","link":"https:\/\/mzklezajsk.pl\/?page_id=1544","title":{"rendered":"Kompostownia Komwita &#8211; pliki do pobrania"},"content":{"rendered":"\t\t<div data-elementor-type=\"wp-page\" data-elementor-id=\"1544\" class=\"elementor elementor-1544\">\n\t\t\t\t\t\t<section class=\"elementor-section elementor-top-section elementor-element elementor-element-cbc298c elementor-section-boxed elementor-section-height-default elementor-section-height-default\" data-id=\"cbc298c\" data-element_type=\"section\">\n\t\t\t\t\t\t<div class=\"elementor-container elementor-column-gap-default\">\n\t\t\t\t\t<div class=\"aux-parallax-section elementor-column elementor-col-100 elementor-top-column elementor-element elementor-element-900dee4\" data-id=\"900dee4\" data-element_type=\"column\">\n\t\t\t<div class=\"elementor-widget-wrap elementor-element-populated\">\n\t\t\t\t\t\t<div class=\"elementor-element elementor-element-8b057e1 elementor-widget elementor-widget-text-editor\" data-id=\"8b057e1\" data-element_type=\"widget\" data-widget_type=\"text-editor.default\">\n\t\t\t\t<div class=\"elementor-widget-container\">\n\t\t\t\t\t\t\t<h2>Pliki do pobrania<\/h2><p><a href=\"https:\/\/mzklezajsk.pl\/wp-content\/uploads\/2025\/01\/Cennik-na-podkladce-firmowej-2025.pdf\">Cennik sprzeda\u017cy kompostu &#8222;Komwita&#8221;<\/a><\/p><p><a href=\"http:\/\/mzklezajsk.pl\/wp-content\/uploads\/2024\/10\/2ulotka_do_strony.pdf\">Ulotka &#8222;Komwita&#8221;<\/a><\/p><p><a href=\"http:\/\/mzklezajsk.pl\/wp-content\/uploads\/2024\/10\/3Wykaz_przyjmowanych_odpadow.pdf\">Wykaz rodzaju odpad\u00f3w przewidzianych do przetworzenia<\/a><\/p><p><a href=\"http:\/\/mzklezajsk.pl\/wp-content\/uploads\/2024\/10\/4Wzor_zamowienia_na_nawoz_organic.pdf\">Wz\u00f3r zam\u00f3wienia na naw\u00f3z organiczny Komwit<\/a><\/p>\t\t\t\t\t\t<\/div>\n\t\t\t\t<\/div>\n\t\t\t\t\t<\/div>\n\t\t<\/div>\n\t\t\t\t\t<\/div>\n\t\t<\/section>\n\t\t\t\t<\/div>\n\t\t","protected":false},"excerpt":{"rendered":"<p>Pliki do pobrania Cennik sprzeda\u017cy kompostu &#8222;Komwita&#8221; Ulotka &#8222;Komwita&#8221; Wykaz rodzaju odpad\u00f3w przewidzianych do przetworzenia Wz\u00f3r zam\u00f3wienia na naw\u00f3z organiczny Komwit<\/p>\n","protected":false},"author":1,"featured_media":0,"parent":0,"menu_order":0,"comment_status":"closed","ping_status":"closed","template":"","meta":{"footnotes":""},"class_list":["post-1544","page","type-page","status-publish","hentry"],"_links":{"self":[{"href":"https:\/\/mzklezajsk.pl\/index.php?rest_route=\/wp\/v2\/pages\/1544","targetHints":{"allow":["GET"]}}],"collection":[{"href":"https:\/\/mzklezajsk.pl\/index.php?rest_route=\/wp\/v2\/pages"}],"about":[{"href":"https:\/\/mzklezajsk.pl\/index.php?rest_route=\/wp\/v2\/types\/page"}],"author":[{"embeddable":true,"href":"https:\/\/mzklezajsk.pl\/index.php?rest_route=\/wp\/v2\/users\/1"}],"replies":[{"embeddable":true,"href":"https:\/\/mzklezajsk.pl\/index.php?rest_route=%2Fwp%2Fv2%2Fcomments&post=1544"}],"version-history":[{"count":13,"href":"https:\/\/mzklezajsk.pl\/index.php?rest_route=\/wp\/v2\/pages\/1544\/revisions"}],"predecessor-version":[{"id":3277,"href":"https:\/\/mzklezajsk.pl\/index.php?rest_route=\/wp\/v2\/pages\/1544\/revisions\/3277"}],"wp:attachment":[{"href":"https:\/\/mzklezajsk.pl\/index.php?rest_route=%2Fwp%2Fv2%2Fmedia&parent=1544"}],"curies":[{"name":"wp","href":"https:\/\/api.w.org\/{rel}","templated":true}]}}