{"id":1545,"date":"2024-10-24T07:24:21","date_gmt":"2024-10-24T05:24:21","guid":{"rendered":"https:\/\/lezajskmzk.pl\/?page_id=1545"},"modified":"2025-04-10T09:04:50","modified_gmt":"2025-04-10T07:04:50","slug":"obsluga-techniczno-inwestycyjna-pliki-do-pobrania-2","status":"publish","type":"page","link":"https:\/\/mzklezajsk.pl\/?page_id=1545","title":{"rendered":"Obs\u0142uga Techniczno-Inwestycyjna &#8211; pliki do pobrania"},"content":{"rendered":"\t\t<div data-elementor-type=\"wp-page\" data-elementor-id=\"1545\" class=\"elementor elementor-1545\">\n\t\t\t\t\t\t<section class=\"elementor-section elementor-top-section elementor-element elementor-element-6f5a4f1 elementor-section-boxed elementor-section-height-default elementor-section-height-default\" data-id=\"6f5a4f1\" data-element_type=\"section\">\n\t\t\t\t\t\t<div class=\"elementor-container elementor-column-gap-default\">\n\t\t\t\t\t<div class=\"aux-parallax-section elementor-column elementor-col-100 elementor-top-column elementor-element elementor-element-08ca56c\" data-id=\"08ca56c\" data-element_type=\"column\">\n\t\t\t<div class=\"elementor-widget-wrap elementor-element-populated\">\n\t\t\t\t\t\t<div class=\"elementor-element elementor-element-827ccf0 elementor-widget elementor-widget-text-editor\" data-id=\"827ccf0\" data-element_type=\"widget\" data-widget_type=\"text-editor.default\">\n\t\t\t\t<div class=\"elementor-widget-container\">\n\t\t\t\t\t\t\t<p>Do zada\u0144 Zespo\u0142u Techniczno-Inwestycyjnego nale\u017cy:<\/p><ul><li>wydawanie zapewnie\u0144 dostaw i\u00a0warunk\u00f3w technicznych pod\u0142\u0105czania obiekt\u00f3w do sieci komunalnych,<\/li><li>wy\u0142anianie w\u00a0drodze konkursu lub przetargu listy referencyjnej wykonawc\u00f3w na us\u0142ugi projektowe i\u00a0budowlane (budowa przy\u0142\u0105czy, odcink\u00f3w sieci itp.),<\/li><li>organizowanie okresowych przetarg\u00f3w na us\u0142ugi projektowe i\u00a0budowlane (budowa przy\u0142\u0105czy, odcink\u00f3w sieci),<\/li><li>uzgadnianie dokumentacji projektowych,<\/li><li>dokonywanie odbior\u00f3w technicznych przy\u0142\u0105czy i\u00a0prowadzenie dokumentacji w\u00a0tym zakresie,<\/li><li>planowanie, prowadzenie i\u00a0nadzorowanie inwestycji,<\/li><li>prowadzenie ksi\u0105g obiekt\u00f3w budowlanych, przegl\u0105dy okresowe budynk\u00f3w,<\/li><li>koordynowanie spraw technicznych sp\u00f3\u0142ki,<\/li><li>pozyskiwanie zewn\u0119trznych \u015brodk\u00f3w finansowych,<\/li><li>opiniowanie i\u00a0uzgadnianie dokumentacji projektowych na naradach koordynacyjnych z\u00a0urz\u0119dami i\u00a0instytucjami,<\/li><li>wsp\u00f3\u0142praca z\u00a0Gmin\u0105 Miasto Le\u017cajsk oraz z\u00a0urz\u0119dami i\u00a0instytucjami, w\u00a0zakresie uzgodnie\u0144 dot. uzbrajania teren\u00f3w i\u00a0kierunk\u00f3w rozwoju infrastruktury komunalnej.<\/li><\/ul><h2>Kontakt<\/h2><p>tel. <a href=\"tel:48172420858\">+48 17 242 08 58<\/a> wew. 129<br \/>email:\u00a0<a href=\"mailto:zti@mzklezajsk.pl\">zti@mzklezajsk.pl<\/a><\/p><h2>Pliki do pobrania<\/h2><p><a href=\"http:\/\/mzklezajsk.pl\/wp-content\/uploads\/2025\/04\/Warunki-zapewnienie-wlaczenia.pdf\">Wniosek o okre\u015blenie zapewnienia przy\u0142. do sieci<\/a><\/p><p><a href=\"http:\/\/mzklezajsk.pl\/wp-content\/uploads\/2025\/04\/Warunki-przylacz-wod-kan.pdf\">Wniosek o okre\u015blenie warunk\u00f3w przy\u0142. do sieci<\/a><\/p><p><a href=\"http:\/\/mzklezajsk.pl\/wp-content\/uploads\/2025\/04\/Warunki-wodomierz-dodatkowy.pdf\">Wniosek o instalacj\u0119 dodatkowego wodomierza<\/a><\/p>\t\t\t\t\t\t<\/div>\n\t\t\t\t<\/div>\n\t\t\t\t\t<\/div>\n\t\t<\/div>\n\t\t\t\t\t<\/div>\n\t\t<\/section>\n\t\t\t\t<\/div>\n\t\t","protected":false},"excerpt":{"rendered":"<p>Do zada\u0144 Zespo\u0142u Techniczno-Inwestycyjnego nale\u017cy: wydawanie zapewnie\u0144 dostaw i\u00a0warunk\u00f3w technicznych pod\u0142\u0105czania obiekt\u00f3w do sieci komunalnych, wy\u0142anianie w\u00a0drodze konkursu lub przetargu listy referencyjnej wykonawc\u00f3w na us\u0142ugi projektowe i\u00a0budowlane (budowa przy\u0142\u0105czy, odcink\u00f3w sieci itp.), organizowanie okresowych przetarg\u00f3w na us\u0142ugi projektowe i\u00a0budowlane (budowa przy\u0142\u0105czy, odcink\u00f3w sieci), uzgadnianie dokumentacji projektowych, dokonywanie odbior\u00f3w technicznych przy\u0142\u0105czy i\u00a0prowadzenie dokumentacji w\u00a0tym zakresie, planowanie, [&hellip;]<\/p>\n","protected":false},"author":1,"featured_media":0,"parent":0,"menu_order":0,"comment_status":"closed","ping_status":"closed","template":"","meta":{"footnotes":""},"class_list":["post-1545","page","type-page","status-publish","hentry"],"_links":{"self":[{"href":"https:\/\/mzklezajsk.pl\/index.php?rest_route=\/wp\/v2\/pages\/1545","targetHints":{"allow":["GET"]}}],"collection":[{"href":"https:\/\/mzklezajsk.pl\/index.php?rest_route=\/wp\/v2\/pages"}],"about":[{"href":"https:\/\/mzklezajsk.pl\/index.php?rest_route=\/wp\/v2\/types\/page"}],"author":[{"embeddable":true,"href":"https:\/\/mzklezajsk.pl\/index.php?rest_route=\/wp\/v2\/users\/1"}],"replies":[{"embeddable":true,"href":"https:\/\/mzklezajsk.pl\/index.php?rest_route=%2Fwp%2Fv2%2Fcomments&post=1545"}],"version-history":[{"count":7,"href":"https:\/\/mzklezajsk.pl\/index.php?rest_route=\/wp\/v2\/pages\/1545\/revisions"}],"predecessor-version":[{"id":3128,"href":"https:\/\/mzklezajsk.pl\/index.php?rest_route=\/wp\/v2\/pages\/1545\/revisions\/3128"}],"wp:attachment":[{"href":"https:\/\/mzklezajsk.pl\/index.php?rest_route=%2Fwp%2Fv2%2Fmedia&parent=1545"}],"curies":[{"name":"wp","href":"https:\/\/api.w.org\/{rel}","templated":true}]}}