{"id":864,"date":"2024-10-21T14:13:58","date_gmt":"2024-10-21T12:13:58","guid":{"rendered":"https:\/\/lezajskmzk.pl\/?page_id=864"},"modified":"2024-10-21T14:19:37","modified_gmt":"2024-10-21T12:19:37","slug":"nagrody-i-wyroznienia","status":"publish","type":"page","link":"https:\/\/mzklezajsk.pl\/?page_id=864","title":{"rendered":"Nagrody i wyr\u00f3\u017cnienia"},"content":{"rendered":"\t\t<div data-elementor-type=\"wp-page\" data-elementor-id=\"864\" class=\"elementor elementor-864\">\n\t\t\t\t\t\t<section class=\"elementor-section elementor-top-section elementor-element elementor-element-b4f1e18 elementor-section-boxed elementor-section-height-default elementor-section-height-default\" data-id=\"b4f1e18\" data-element_type=\"section\">\n\t\t\t\t\t\t<div class=\"elementor-container elementor-column-gap-default\">\n\t\t\t\t\t<div class=\"aux-parallax-section elementor-column elementor-col-100 elementor-top-column elementor-element elementor-element-146542b\" data-id=\"146542b\" data-element_type=\"column\">\n\t\t\t<div class=\"elementor-widget-wrap elementor-element-populated\">\n\t\t\t\t\t\t<div class=\"elementor-element elementor-element-f1d998a elementor-widget elementor-widget-text-editor\" data-id=\"f1d998a\" data-element_type=\"widget\" data-widget_type=\"text-editor.default\">\n\t\t\t\t<div class=\"elementor-widget-container\">\n\t\t\t\t\t\t\t<h2><strong>\u00a0\u00a0\u00a0\u00a0\u00a0\u00a0\u00a0\u00a0\u00a0\u00a0\u00a0\u00a0\u00a0\u00a0\u00a0\u00a0\u00a0\u00a0\u00a0\u00a0\u00a0\u00a0\u00a0\u00a0\u00a0\u00a0\u00a0\u00a0\u00a0\u00a0\u00a0\u00a0\u00a0\u00a0\u00a0\u00a0\u00a0\u00a0\u00a0\u00a0\u00a0\u00a0\u00a0\u00a0\u00a0\u00a0\u00a0\u00a0\u00a0\u00a0\u00a0\u00a0\u00a0\u00a0\u00a0\u00a0\u00a0\u00a0\u00a0\u00a0\u00a0\u00a0\u00a0\u00a0\u00a0\u00a0\u00a0\u00a0\u00a0\u00a0\u00a0\u00a0\u00a0\u00a0\u00a0\u00a0\u00a0 Miejski Zak\u0142ad Komunalny Sp\u00f3\u0142ka z o.o. w Le\u017cajsku<\/strong><\/h2><p>Miejski\u00a0 Zak\u0142ad Komunalny w\u00a0Le\u017cajsku\u00a0 jest laureatem licznych nagr\u00f3d za bardzo wczesne i\u00a0sprawne wdro\u017cenie metody segregacji odpad\u00f3w \u201eu \u017ar\u00f3d\u0142a\u201d. Realizacja programu selektywnej zbi\u00f3rki odpad\u00f3w pozwoli\u0142a MZK zdoby\u0107 dwie statuetki \u201eTygrysa recyklingu\u201d. To najwy\u017csze wyr\u00f3\u017cnienie w\u00a0tej kategorii w\u00a0kraju. Dzi\u0119ki niemu miasto Le\u017cajsk zosta\u0142o uhonorowane pierwszym pucharem recyklingu Ministra\u00a0 \u015arodowiska.\u00a0To wielkie\u00a0 wyr\u00f3\u017cnienie i\u00a0sukces. Dzi\u0119ki realizacji\u00a0 programu selektywnej zbi\u00f3rki odpad\u00f3w u \u017ar\u00f3d\u0142a udaje nam si\u0119 osi\u0105ga\u0107 wyniki, kt\u00f3re pozwalaj\u0105 konkurowa\u0107 w\u00a0skali ca\u0142ego kraju z\u00a0innymi podmiotami prowadz\u0105cymi gospodark\u0119 odpadami. \u0141\u0105czy si\u0119 to bezpo\u015brednio z\u00a0powi\u0119kszaj\u0105c\u0105 si\u0119 &#8211; ka\u017cdego roku &#8211; grup\u0105 mieszka\u0144c\u00f3w, do kt\u00f3rych docieramy z\u00a0edukacj\u0105 ekologiczn\u0105 sprawiaj\u0105c\u0105, \u017ce w\u00a0spo\u0142eczno\u015bci wyrabiaj\u0105 si\u0119 sta\u0142e nawyki segregacji odpad\u00f3w i\u00a0troski o\u00a0\u015brodowisko. Dlatego jest to sukces zar\u00f3wno Sp\u00f3\u0142ki jak i\u00a0spo\u0142eczno\u015bci, dla kt\u00f3rej \u015bwiadczymy us\u0142ugi. Niema\u0142e znaczenie ma te\u017c w\u0142asna, stale modernizowana sortownia odpad\u00f3w i\u00a0nowoczesny sprz\u0119t specjalistyczny.<\/p>\t\t\t\t\t\t<\/div>\n\t\t\t\t<\/div>\n\t\t\t\t\t<\/div>\n\t\t<\/div>\n\t\t\t\t\t<\/div>\n\t\t<\/section>\n\t\t\t\t<section class=\"elementor-section elementor-top-section elementor-element elementor-element-0b12405 elementor-section-boxed elementor-section-height-default elementor-section-height-default\" data-id=\"0b12405\" data-element_type=\"section\">\n\t\t\t\t\t\t<div class=\"elementor-container elementor-column-gap-default\">\n\t\t\t\t\t<div class=\"aux-parallax-section elementor-column elementor-col-100 elementor-top-column elementor-element elementor-element-ad764d7\" data-id=\"ad764d7\" data-element_type=\"column\">\n\t\t\t<div class=\"elementor-widget-wrap elementor-element-populated\">\n\t\t\t\t\t\t<div class=\"elementor-element elementor-element-24207bc elementor-widget elementor-widget-image\" data-id=\"24207bc\" data-element_type=\"widget\" data-widget_type=\"image.default\">\n\t\t\t\t<div class=\"elementor-widget-container\">\n\t\t\t\t\t\t\t\t\t\t\t\t\t<img fetchpriority=\"high\" decoding=\"async\" width=\"829\" height=\"600\" src=\"https:\/\/mzklezajsk.pl\/wp-content\/uploads\/2024\/10\/1_22.jpg\" class=\"attachment-large size-large wp-image-869\" alt=\"\" srcset=\"https:\/\/mzklezajsk.pl\/wp-content\/uploads\/2024\/10\/1_22.jpg 829w, https:\/\/mzklezajsk.pl\/wp-content\/uploads\/2024\/10\/1_22-200x145.jpg 200w\" sizes=\"(max-width: 829px) 100vw, 829px\" \/>\t\t\t\t\t\t\t\t\t\t\t\t\t<\/div>\n\t\t\t\t<\/div>\n\t\t\t\t\t<\/div>\n\t\t<\/div>\n\t\t\t\t\t<\/div>\n\t\t<\/section>\n\t\t\t\t<\/div>\n\t\t","protected":false},"excerpt":{"rendered":"<p>\u00a0\u00a0\u00a0\u00a0\u00a0\u00a0\u00a0\u00a0\u00a0\u00a0\u00a0\u00a0\u00a0\u00a0\u00a0\u00a0\u00a0\u00a0\u00a0\u00a0\u00a0\u00a0\u00a0\u00a0\u00a0\u00a0\u00a0\u00a0\u00a0\u00a0\u00a0\u00a0\u00a0\u00a0\u00a0\u00a0\u00a0\u00a0\u00a0\u00a0\u00a0\u00a0\u00a0\u00a0\u00a0\u00a0\u00a0\u00a0\u00a0\u00a0\u00a0\u00a0\u00a0\u00a0\u00a0\u00a0\u00a0\u00a0\u00a0\u00a0\u00a0\u00a0\u00a0\u00a0\u00a0\u00a0\u00a0\u00a0\u00a0\u00a0\u00a0\u00a0\u00a0\u00a0\u00a0\u00a0\u00a0 Miejski Zak\u0142ad Komunalny Sp\u00f3\u0142ka z o.o. w Le\u017cajsku Miejski\u00a0 Zak\u0142ad Komunalny w\u00a0Le\u017cajsku\u00a0 jest laureatem licznych nagr\u00f3d za bardzo wczesne i\u00a0sprawne wdro\u017cenie metody segregacji odpad\u00f3w \u201eu \u017ar\u00f3d\u0142a\u201d. Realizacja programu selektywnej zbi\u00f3rki odpad\u00f3w pozwoli\u0142a MZK zdoby\u0107 dwie statuetki \u201eTygrysa recyklingu\u201d. To najwy\u017csze wyr\u00f3\u017cnienie w\u00a0tej kategorii w\u00a0kraju. Dzi\u0119ki niemu miasto Le\u017cajsk zosta\u0142o uhonorowane pierwszym pucharem recyklingu Ministra\u00a0 [&hellip;]<\/p>\n","protected":false},"author":1,"featured_media":0,"parent":0,"menu_order":0,"comment_status":"closed","ping_status":"closed","template":"","meta":{"footnotes":""},"class_list":["post-864","page","type-page","status-publish","hentry"],"_links":{"self":[{"href":"https:\/\/mzklezajsk.pl\/index.php?rest_route=\/wp\/v2\/pages\/864","targetHints":{"allow":["GET"]}}],"collection":[{"href":"https:\/\/mzklezajsk.pl\/index.php?rest_route=\/wp\/v2\/pages"}],"about":[{"href":"https:\/\/mzklezajsk.pl\/index.php?rest_route=\/wp\/v2\/types\/page"}],"author":[{"embeddable":true,"href":"https:\/\/mzklezajsk.pl\/index.php?rest_route=\/wp\/v2\/users\/1"}],"replies":[{"embeddable":true,"href":"https:\/\/mzklezajsk.pl\/index.php?rest_route=%2Fwp%2Fv2%2Fcomments&post=864"}],"version-history":[{"count":4,"href":"https:\/\/mzklezajsk.pl\/index.php?rest_route=\/wp\/v2\/pages\/864\/revisions"}],"predecessor-version":[{"id":872,"href":"https:\/\/mzklezajsk.pl\/index.php?rest_route=\/wp\/v2\/pages\/864\/revisions\/872"}],"wp:attachment":[{"href":"https:\/\/mzklezajsk.pl\/index.php?rest_route=%2Fwp%2Fv2%2Fmedia&parent=864"}],"curies":[{"name":"wp","href":"https:\/\/api.w.org\/{rel}","templated":true}]}}