{"id":893,"date":"2024-10-22T10:15:09","date_gmt":"2024-10-22T08:15:09","guid":{"rendered":"https:\/\/lezajskmzk.pl\/?page_id=893"},"modified":"2025-06-10T08:08:17","modified_gmt":"2025-06-10T06:08:17","slug":"sygnalisci","status":"publish","type":"page","link":"https:\/\/mzklezajsk.pl\/?page_id=893","title":{"rendered":"Sygnali\u015bci"},"content":{"rendered":"\t\t<div data-elementor-type=\"wp-page\" data-elementor-id=\"893\" class=\"elementor elementor-893\">\n\t\t\t\t\t\t<section class=\"elementor-section elementor-top-section elementor-element elementor-element-d974401 elementor-section-boxed elementor-section-height-default elementor-section-height-default\" data-id=\"d974401\" data-element_type=\"section\">\n\t\t\t\t\t\t<div class=\"elementor-container elementor-column-gap-default\">\n\t\t\t\t\t<div class=\"aux-parallax-section elementor-column elementor-col-100 elementor-top-column elementor-element elementor-element-75bc928\" data-id=\"75bc928\" data-element_type=\"column\">\n\t\t\t<div class=\"elementor-widget-wrap elementor-element-populated\">\n\t\t\t\t\t\t<div class=\"elementor-element elementor-element-69554ea elementor-widget elementor-widget-text-editor\" data-id=\"69554ea\" data-element_type=\"widget\" data-widget_type=\"text-editor.default\">\n\t\t\t\t<div class=\"elementor-widget-container\">\n\t\t\t\t\t\t\t<h2>Pliki do pobrania<\/h2><p><a href=\"http:\/\/mzklezajsk.pl\/wp-content\/uploads\/2024\/10\/Klauzula-informacyjna-dla-osob-zglaszajacych-naruszenie-prawa-zgodnie-z-ustawa-z-dn.-14.06.2024r.-o-ochronie-sygnalistow.pdf\">Klauzula informacyjna dla os\u00f3b zg\u0142aszaj\u0105cych naruszenie prawa zgodnie z ustaw\u0105 z dn. 14.06.2024r. o ochronie sygnalist\u00f3w<\/a><\/p><p><a href=\"http:\/\/mzklezajsk.pl\/wp-content\/uploads\/2024\/10\/Procedura-zgloszen-wewnetrznych-w-Miejskim-Zakladzie-Komunalnym-sp.-z-o.o.-w-Lezajsku.pdf\">Procedura zg\u0142osze\u0144 wewnetrznych w Miejskim Zak\u0142adzie Komunalnym sp. z o.o. w Le\u017cajsku<\/a><\/p><p><a href=\"http:\/\/mzklezajsk.pl\/wp-content\/uploads\/2024\/10\/Uchwala-o-przyjeciu-procedury-zgloszen-wewnetrznych.pdf\">Uchwa\u0142a o przyj\u0119ciu procedury zg\u0142osze\u0144 wewnetrznych<\/a><\/p>\t\t\t\t\t\t<\/div>\n\t\t\t\t<\/div>\n\t\t\t\t\t<\/div>\n\t\t<\/div>\n\t\t\t\t\t<\/div>\n\t\t<\/section>\n\t\t\t\t<\/div>\n\t\t","protected":false},"excerpt":{"rendered":"<p>Pliki do pobrania Klauzula informacyjna dla os\u00f3b zg\u0142aszaj\u0105cych naruszenie prawa zgodnie z ustaw\u0105 z dn. 14.06.2024r. o ochronie sygnalist\u00f3w Procedura zg\u0142osze\u0144 wewnetrznych w Miejskim Zak\u0142adzie Komunalnym sp. z o.o. w Le\u017cajsku Uchwa\u0142a o przyj\u0119ciu procedury zg\u0142osze\u0144 wewnetrznych<\/p>\n","protected":false},"author":1,"featured_media":0,"parent":0,"menu_order":0,"comment_status":"closed","ping_status":"closed","template":"","meta":{"footnotes":""},"class_list":["post-893","page","type-page","status-publish","hentry"],"_links":{"self":[{"href":"https:\/\/mzklezajsk.pl\/index.php?rest_route=\/wp\/v2\/pages\/893","targetHints":{"allow":["GET"]}}],"collection":[{"href":"https:\/\/mzklezajsk.pl\/index.php?rest_route=\/wp\/v2\/pages"}],"about":[{"href":"https:\/\/mzklezajsk.pl\/index.php?rest_route=\/wp\/v2\/types\/page"}],"author":[{"embeddable":true,"href":"https:\/\/mzklezajsk.pl\/index.php?rest_route=\/wp\/v2\/users\/1"}],"replies":[{"embeddable":true,"href":"https:\/\/mzklezajsk.pl\/index.php?rest_route=%2Fwp%2Fv2%2Fcomments&post=893"}],"version-history":[{"count":10,"href":"https:\/\/mzklezajsk.pl\/index.php?rest_route=\/wp\/v2\/pages\/893\/revisions"}],"predecessor-version":[{"id":3252,"href":"https:\/\/mzklezajsk.pl\/index.php?rest_route=\/wp\/v2\/pages\/893\/revisions\/3252"}],"wp:attachment":[{"href":"https:\/\/mzklezajsk.pl\/index.php?rest_route=%2Fwp%2Fv2%2Fmedia&parent=893"}],"curies":[{"name":"wp","href":"https:\/\/api.w.org\/{rel}","templated":true}]}}