{"id":973,"date":"2024-10-22T11:37:42","date_gmt":"2024-10-22T09:37:42","guid":{"rendered":"https:\/\/lezajskmzk.pl\/?page_id=973"},"modified":"2025-07-21T09:49:30","modified_gmt":"2025-07-21T07:49:30","slug":"gospodarka-odpadami","status":"publish","type":"page","link":"https:\/\/mzklezajsk.pl\/?page_id=973","title":{"rendered":"Gospodarka Odpadami"},"content":{"rendered":"\t\t<div data-elementor-type=\"wp-page\" data-elementor-id=\"973\" class=\"elementor elementor-973\">\n\t\t\t\t\t\t<section class=\"elementor-section elementor-top-section elementor-element elementor-element-edfb149 elementor-section-boxed elementor-section-height-default elementor-section-height-default\" data-id=\"edfb149\" data-element_type=\"section\">\n\t\t\t\t\t\t<div class=\"elementor-container elementor-column-gap-default\">\n\t\t\t\t\t<div class=\"aux-parallax-section elementor-column elementor-col-100 elementor-top-column elementor-element elementor-element-74838cc\" data-id=\"74838cc\" data-element_type=\"column\">\n\t\t\t<div class=\"elementor-widget-wrap elementor-element-populated\">\n\t\t\t\t\t\t<div class=\"elementor-element elementor-element-fc2cac8 elementor-widget elementor-widget-text-editor\" data-id=\"fc2cac8\" data-element_type=\"widget\" data-widget_type=\"text-editor.default\">\n\t\t\t\t<div class=\"elementor-widget-container\">\n\t\t\t\t\t\t\t<h2>Wydzia\u0142 Oczyszczania i\u00a0Gospodarki Odpadami<\/h2><p>Do zada\u0144 wydzia\u0142u nale\u017cy organizowanie i\u00a0prowadzenie dzia\u0142alno\u015bci w\u00a0zakresie:<\/p><ul><li>odbioru, zbi\u00f3rki i\u00a0wywozu nieczysto\u015bci sta\u0142ych od podmiot\u00f3w prowadz\u0105cych dzia\u0142alno\u015b\u0107 gospodarcz\u0105 i\u00a0os\u00f3b fizycznych,P1000491a<\/li><li>wywozu nieczysto\u015bci p\u0142ynnych,<\/li><li>zbi\u00f3rki i\u00a0skupu surowc\u00f3w wt\u00f3rnych, ich segregacji na liniach sortowniczych oraz zagospodarowania,<\/li><li>letniego i\u00a0zimowego utrzymania czysto\u015bci zgodnie z\u00a0zawartymi umowami i\u00a0zleceniami,<\/li><li>\u015bwiadczenia us\u0142ug transportowych i\u00a0sprz\u0119tem specjalistycznym,<\/li><li>\u015bwiadczenia innych us\u0142ug w\u00a0zakresie utrzymania czysto\u015bci (np. szalet\u00f3w miejskich) podmiotom gospodarczym na podstawie zlece\u0144 i\u00a0um\u00f3w,<\/li><li>skupu z\u0142omu i\u00a0metali kolorowych.<\/li><\/ul><p><strong>Harmonogram odbioru odpad\u00f3w &#8211; <a href=\"https:\/\/mzklezajsk.pl\/?page_id=1829\">kliknij tutaj<\/a>.<\/strong><\/p>\t\t\t\t\t\t<\/div>\n\t\t\t\t<\/div>\n\t\t\t\t\t<\/div>\n\t\t<\/div>\n\t\t\t\t\t<\/div>\n\t\t<\/section>\n\t\t\t\t<section class=\"elementor-section elementor-top-section elementor-element elementor-element-0faba95 elementor-section-boxed elementor-section-height-default elementor-section-height-default\" data-id=\"0faba95\" data-element_type=\"section\">\n\t\t\t\t\t\t<div class=\"elementor-container elementor-column-gap-default\">\n\t\t\t\t\t<div class=\"aux-parallax-section elementor-column elementor-col-100 elementor-top-column elementor-element elementor-element-7c33fde\" data-id=\"7c33fde\" data-element_type=\"column\">\n\t\t\t<div class=\"elementor-widget-wrap elementor-element-populated\">\n\t\t\t\t\t\t<div class=\"elementor-element elementor-element-1469661 elementor-widget elementor-widget-image\" data-id=\"1469661\" data-element_type=\"widget\" data-widget_type=\"image.default\">\n\t\t\t\t<div class=\"elementor-widget-container\">\n\t\t\t\t\t\t\t\t\t\t\t\t\t<img fetchpriority=\"high\" decoding=\"async\" width=\"660\" height=\"669\" src=\"https:\/\/mzklezajsk.pl\/wp-content\/uploads\/2025\/04\/pszok.jpg\" class=\"attachment-large size-large wp-image-3151\" alt=\"\" srcset=\"https:\/\/mzklezajsk.pl\/wp-content\/uploads\/2025\/04\/pszok.jpg 660w, https:\/\/mzklezajsk.pl\/wp-content\/uploads\/2025\/04\/pszok-200x203.jpg 200w\" sizes=\"(max-width: 660px) 100vw, 660px\" \/>\t\t\t\t\t\t\t\t\t\t\t\t\t<\/div>\n\t\t\t\t<\/div>\n\t\t\t\t\t<\/div>\n\t\t<\/div>\n\t\t\t\t\t<\/div>\n\t\t<\/section>\n\t\t\t\t<section class=\"elementor-section elementor-top-section elementor-element elementor-element-4b8f5d8 elementor-section-boxed elementor-section-height-default elementor-section-height-default\" data-id=\"4b8f5d8\" data-element_type=\"section\">\n\t\t\t\t\t\t<div class=\"elementor-container elementor-column-gap-default\">\n\t\t\t\t\t<div class=\"aux-parallax-section elementor-column elementor-col-33 elementor-top-column elementor-element elementor-element-b53d791\" data-id=\"b53d791\" data-element_type=\"column\">\n\t\t\t<div class=\"elementor-widget-wrap\">\n\t\t\t\t\t\t\t<\/div>\n\t\t<\/div>\n\t\t\t\t<div class=\"aux-parallax-section elementor-column elementor-col-33 elementor-top-column elementor-element elementor-element-0f42aa1\" data-id=\"0f42aa1\" data-element_type=\"column\">\n\t\t\t<div class=\"elementor-widget-wrap\">\n\t\t\t\t\t\t\t<\/div>\n\t\t<\/div>\n\t\t\t\t<div class=\"aux-parallax-section elementor-column elementor-col-33 elementor-top-column elementor-element elementor-element-0da417c\" data-id=\"0da417c\" data-element_type=\"column\">\n\t\t\t<div class=\"elementor-widget-wrap\">\n\t\t\t\t\t\t\t<\/div>\n\t\t<\/div>\n\t\t\t\t\t<\/div>\n\t\t<\/section>\n\t\t\t\t<section class=\"elementor-section elementor-top-section elementor-element elementor-element-9985430 elementor-section-boxed elementor-section-height-default elementor-section-height-default\" data-id=\"9985430\" data-element_type=\"section\">\n\t\t\t\t\t\t<div class=\"elementor-container elementor-column-gap-default\">\n\t\t\t\t\t<div class=\"aux-parallax-section elementor-column elementor-col-100 elementor-top-column elementor-element elementor-element-dca6e09\" data-id=\"dca6e09\" data-element_type=\"column\">\n\t\t\t<div class=\"elementor-widget-wrap\">\n\t\t\t\t\t\t\t<\/div>\n\t\t<\/div>\n\t\t\t\t\t<\/div>\n\t\t<\/section>\n\t\t\t\t<section class=\"elementor-section elementor-top-section elementor-element elementor-element-006e772 elementor-section-boxed elementor-section-height-default elementor-section-height-default\" data-id=\"006e772\" data-element_type=\"section\">\n\t\t\t\t\t\t<div class=\"elementor-container elementor-column-gap-default\">\n\t\t\t\t\t<div class=\"aux-parallax-section elementor-column elementor-col-100 elementor-top-column elementor-element elementor-element-a9da131\" data-id=\"a9da131\" data-element_type=\"column\">\n\t\t\t<div class=\"elementor-widget-wrap elementor-element-populated\">\n\t\t\t\t\t\t<div class=\"elementor-element elementor-element-12831d0 elementor-widget elementor-widget-image-gallery\" data-id=\"12831d0\" data-element_type=\"widget\" data-widget_type=\"image-gallery.default\">\n\t\t\t\t<div class=\"elementor-widget-container\">\n\t\t\t\t\t<div class=\"elementor-image-gallery\">\n\t\t\t<div id='gallery-1' class='gallery galleryid-973 gallery-columns-3 gallery-size-large'><figure class='gallery-item'>\n\t\t\t<div class='gallery-icon landscape'>\n\t\t\t\t<a data-elementor-open-lightbox=\"yes\" data-elementor-lightbox-slideshow=\"12831d0\" data-elementor-lightbox-title=\"IMG_1863\" data-e-action-hash=\"#elementor-action%3Aaction%3Dlightbox%26settings%3DeyJpZCI6MzQwMCwidXJsIjoiaHR0cHM6XC9cL216a2xlemFqc2sucGxcL3dwLWNvbnRlbnRcL3VwbG9hZHNcLzIwMjVcLzA3XC9JTUdfMTg2My1zY2FsZWQuanBnIiwic2xpZGVzaG93IjoiMTI4MzFkMCJ9\" href='https:\/\/mzklezajsk.pl\/wp-content\/uploads\/2025\/07\/IMG_1863-scaled.jpg'><img decoding=\"async\" width=\"1024\" height=\"1024\" src=\"https:\/\/mzklezajsk.pl\/wp-content\/uploads\/2025\/07\/IMG_1863-1024x1024.jpg\" class=\"attachment-large size-large\" alt=\"\" srcset=\"https:\/\/mzklezajsk.pl\/wp-content\/uploads\/2025\/07\/IMG_1863-1024x1024.jpg 1024w, https:\/\/mzklezajsk.pl\/wp-content\/uploads\/2025\/07\/IMG_1863-300x300.jpg 300w, https:\/\/mzklezajsk.pl\/wp-content\/uploads\/2025\/07\/IMG_1863-150x150.jpg 150w, https:\/\/mzklezajsk.pl\/wp-content\/uploads\/2025\/07\/IMG_1863-768x768.jpg 768w\" sizes=\"(max-width: 1024px) 100vw, 1024px\" \/><\/a>\n\t\t\t<\/div><\/figure><figure class='gallery-item'>\n\t\t\t<div class='gallery-icon landscape'>\n\t\t\t\t<a data-elementor-open-lightbox=\"yes\" data-elementor-lightbox-slideshow=\"12831d0\" data-elementor-lightbox-title=\"IMG_1864\" data-e-action-hash=\"#elementor-action%3Aaction%3Dlightbox%26settings%3DeyJpZCI6MzQwMSwidXJsIjoiaHR0cHM6XC9cL216a2xlemFqc2sucGxcL3dwLWNvbnRlbnRcL3VwbG9hZHNcLzIwMjVcLzA3XC9JTUdfMTg2NC1zY2FsZWQuanBnIiwic2xpZGVzaG93IjoiMTI4MzFkMCJ9\" href='https:\/\/mzklezajsk.pl\/wp-content\/uploads\/2025\/07\/IMG_1864-scaled.jpg'><img decoding=\"async\" width=\"1024\" height=\"1024\" src=\"https:\/\/mzklezajsk.pl\/wp-content\/uploads\/2025\/07\/IMG_1864-1024x1024.jpg\" class=\"attachment-large size-large\" alt=\"\" srcset=\"https:\/\/mzklezajsk.pl\/wp-content\/uploads\/2025\/07\/IMG_1864-1024x1024.jpg 1024w, https:\/\/mzklezajsk.pl\/wp-content\/uploads\/2025\/07\/IMG_1864-300x300.jpg 300w, https:\/\/mzklezajsk.pl\/wp-content\/uploads\/2025\/07\/IMG_1864-150x150.jpg 150w, https:\/\/mzklezajsk.pl\/wp-content\/uploads\/2025\/07\/IMG_1864-768x768.jpg 768w\" sizes=\"(max-width: 1024px) 100vw, 1024px\" \/><\/a>\n\t\t\t<\/div><\/figure><figure class='gallery-item'>\n\t\t\t<div class='gallery-icon landscape'>\n\t\t\t\t<a data-elementor-open-lightbox=\"yes\" data-elementor-lightbox-slideshow=\"12831d0\" data-elementor-lightbox-title=\"IMG_1865\" data-e-action-hash=\"#elementor-action%3Aaction%3Dlightbox%26settings%3DeyJpZCI6MzQwMiwidXJsIjoiaHR0cHM6XC9cL216a2xlemFqc2sucGxcL3dwLWNvbnRlbnRcL3VwbG9hZHNcLzIwMjVcLzA3XC9JTUdfMTg2NS1zY2FsZWQuanBlZyIsInNsaWRlc2hvdyI6IjEyODMxZDAifQ%3D%3D\" href='https:\/\/mzklezajsk.pl\/wp-content\/uploads\/2025\/07\/IMG_1865-scaled.jpeg'><img loading=\"lazy\" decoding=\"async\" width=\"1024\" height=\"1024\" src=\"https:\/\/mzklezajsk.pl\/wp-content\/uploads\/2025\/07\/IMG_1865-1024x1024.jpeg\" class=\"attachment-large size-large\" alt=\"\" srcset=\"https:\/\/mzklezajsk.pl\/wp-content\/uploads\/2025\/07\/IMG_1865-1024x1024.jpeg 1024w, https:\/\/mzklezajsk.pl\/wp-content\/uploads\/2025\/07\/IMG_1865-300x300.jpeg 300w, https:\/\/mzklezajsk.pl\/wp-content\/uploads\/2025\/07\/IMG_1865-150x150.jpeg 150w, https:\/\/mzklezajsk.pl\/wp-content\/uploads\/2025\/07\/IMG_1865-768x768.jpeg 768w\" sizes=\"(max-width: 1024px) 100vw, 1024px\" \/><\/a>\n\t\t\t<\/div><\/figure><figure class='gallery-item'>\n\t\t\t<div class='gallery-icon landscape'>\n\t\t\t\t<a data-elementor-open-lightbox=\"yes\" data-elementor-lightbox-slideshow=\"12831d0\" data-elementor-lightbox-title=\"IMG_20250716_112114\" data-e-action-hash=\"#elementor-action%3Aaction%3Dlightbox%26settings%3DeyJpZCI6MzQwMywidXJsIjoiaHR0cHM6XC9cL216a2xlemFqc2sucGxcL3dwLWNvbnRlbnRcL3VwbG9hZHNcLzIwMjVcLzA3XC9JTUdfMjAyNTA3MTZfMTEyMTE0LXNjYWxlZC5qcGciLCJzbGlkZXNob3ciOiIxMjgzMWQwIn0%3D\" href='https:\/\/mzklezajsk.pl\/wp-content\/uploads\/2025\/07\/IMG_20250716_112114-scaled.jpg'><img loading=\"lazy\" decoding=\"async\" width=\"1024\" height=\"1024\" src=\"https:\/\/mzklezajsk.pl\/wp-content\/uploads\/2025\/07\/IMG_20250716_112114-1024x1024.jpg\" class=\"attachment-large size-large\" alt=\"\" srcset=\"https:\/\/mzklezajsk.pl\/wp-content\/uploads\/2025\/07\/IMG_20250716_112114-1024x1024.jpg 1024w, https:\/\/mzklezajsk.pl\/wp-content\/uploads\/2025\/07\/IMG_20250716_112114-300x300.jpg 300w, https:\/\/mzklezajsk.pl\/wp-content\/uploads\/2025\/07\/IMG_20250716_112114-150x150.jpg 150w, https:\/\/mzklezajsk.pl\/wp-content\/uploads\/2025\/07\/IMG_20250716_112114-768x768.jpg 768w\" sizes=\"(max-width: 1024px) 100vw, 1024px\" \/><\/a>\n\t\t\t<\/div><\/figure><figure class='gallery-item'>\n\t\t\t<div class='gallery-icon landscape'>\n\t\t\t\t<a data-elementor-open-lightbox=\"yes\" data-elementor-lightbox-slideshow=\"12831d0\" data-elementor-lightbox-title=\"IMG_20250716_112328\" data-e-action-hash=\"#elementor-action%3Aaction%3Dlightbox%26settings%3DeyJpZCI6MzQwNCwidXJsIjoiaHR0cHM6XC9cL216a2xlemFqc2sucGxcL3dwLWNvbnRlbnRcL3VwbG9hZHNcLzIwMjVcLzA3XC9JTUdfMjAyNTA3MTZfMTEyMzI4LXNjYWxlZC5qcGciLCJzbGlkZXNob3ciOiIxMjgzMWQwIn0%3D\" href='https:\/\/mzklezajsk.pl\/wp-content\/uploads\/2025\/07\/IMG_20250716_112328-scaled.jpg'><img loading=\"lazy\" decoding=\"async\" width=\"1024\" height=\"1024\" src=\"https:\/\/mzklezajsk.pl\/wp-content\/uploads\/2025\/07\/IMG_20250716_112328-1024x1024.jpg\" class=\"attachment-large size-large\" alt=\"\" srcset=\"https:\/\/mzklezajsk.pl\/wp-content\/uploads\/2025\/07\/IMG_20250716_112328-1024x1024.jpg 1024w, https:\/\/mzklezajsk.pl\/wp-content\/uploads\/2025\/07\/IMG_20250716_112328-300x300.jpg 300w, https:\/\/mzklezajsk.pl\/wp-content\/uploads\/2025\/07\/IMG_20250716_112328-150x150.jpg 150w, https:\/\/mzklezajsk.pl\/wp-content\/uploads\/2025\/07\/IMG_20250716_112328-768x768.jpg 768w\" sizes=\"(max-width: 1024px) 100vw, 1024px\" \/><\/a>\n\t\t\t<\/div><\/figure><figure class='gallery-item'>\n\t\t\t<div class='gallery-icon landscape'>\n\t\t\t\t<a data-elementor-open-lightbox=\"yes\" data-elementor-lightbox-slideshow=\"12831d0\" data-elementor-lightbox-title=\"stadion-baza\" data-e-action-hash=\"#elementor-action%3Aaction%3Dlightbox%26settings%3DeyJpZCI6MzQwNiwidXJsIjoiaHR0cHM6XC9cL216a2xlemFqc2sucGxcL3dwLWNvbnRlbnRcL3VwbG9hZHNcLzIwMjVcLzA3XC9zdGFkaW9uLWJhemEuanBnIiwic2xpZGVzaG93IjoiMTI4MzFkMCJ9\" href='https:\/\/mzklezajsk.pl\/wp-content\/uploads\/2025\/07\/stadion-baza.jpg'><img loading=\"lazy\" decoding=\"async\" width=\"1024\" height=\"1024\" src=\"https:\/\/mzklezajsk.pl\/wp-content\/uploads\/2025\/07\/stadion-baza-1024x1024.jpg\" class=\"attachment-large size-large\" alt=\"\" srcset=\"https:\/\/mzklezajsk.pl\/wp-content\/uploads\/2025\/07\/stadion-baza-1024x1024.jpg 1024w, https:\/\/mzklezajsk.pl\/wp-content\/uploads\/2025\/07\/stadion-baza-300x300.jpg 300w, https:\/\/mzklezajsk.pl\/wp-content\/uploads\/2025\/07\/stadion-baza-150x150.jpg 150w, https:\/\/mzklezajsk.pl\/wp-content\/uploads\/2025\/07\/stadion-baza-768x768.jpg 768w\" sizes=\"(max-width: 1024px) 100vw, 1024px\" \/><\/a>\n\t\t\t<\/div><\/figure>\n\t\t<\/div>\n\t\t<\/div>\n\t\t\t\t<\/div>\n\t\t\t\t<\/div>\n\t\t\t\t\t<\/div>\n\t\t<\/div>\n\t\t\t\t\t<\/div>\n\t\t<\/section>\n\t\t\t\t<\/div>\n\t\t","protected":false},"excerpt":{"rendered":"<p>Wydzia\u0142 Oczyszczania i\u00a0Gospodarki Odpadami Do zada\u0144 wydzia\u0142u nale\u017cy organizowanie i\u00a0prowadzenie dzia\u0142alno\u015bci w\u00a0zakresie: odbioru, zbi\u00f3rki i\u00a0wywozu nieczysto\u015bci sta\u0142ych od podmiot\u00f3w prowadz\u0105cych dzia\u0142alno\u015b\u0107 gospodarcz\u0105 i\u00a0os\u00f3b fizycznych,P1000491a wywozu nieczysto\u015bci p\u0142ynnych, zbi\u00f3rki i\u00a0skupu surowc\u00f3w wt\u00f3rnych, ich segregacji na liniach sortowniczych oraz zagospodarowania, letniego i\u00a0zimowego utrzymania czysto\u015bci zgodnie z\u00a0zawartymi umowami i\u00a0zleceniami, \u015bwiadczenia us\u0142ug transportowych i\u00a0sprz\u0119tem specjalistycznym, \u015bwiadczenia innych us\u0142ug w\u00a0zakresie [&hellip;]<\/p>\n","protected":false},"author":1,"featured_media":0,"parent":0,"menu_order":0,"comment_status":"closed","ping_status":"closed","template":"","meta":{"footnotes":""},"class_list":["post-973","page","type-page","status-publish","hentry"],"_links":{"self":[{"href":"https:\/\/mzklezajsk.pl\/index.php?rest_route=\/wp\/v2\/pages\/973","targetHints":{"allow":["GET"]}}],"collection":[{"href":"https:\/\/mzklezajsk.pl\/index.php?rest_route=\/wp\/v2\/pages"}],"about":[{"href":"https:\/\/mzklezajsk.pl\/index.php?rest_route=\/wp\/v2\/types\/page"}],"author":[{"embeddable":true,"href":"https:\/\/mzklezajsk.pl\/index.php?rest_route=\/wp\/v2\/users\/1"}],"replies":[{"embeddable":true,"href":"https:\/\/mzklezajsk.pl\/index.php?rest_route=%2Fwp%2Fv2%2Fcomments&post=973"}],"version-history":[{"count":34,"href":"https:\/\/mzklezajsk.pl\/index.php?rest_route=\/wp\/v2\/pages\/973\/revisions"}],"predecessor-version":[{"id":3421,"href":"https:\/\/mzklezajsk.pl\/index.php?rest_route=\/wp\/v2\/pages\/973\/revisions\/3421"}],"wp:attachment":[{"href":"https:\/\/mzklezajsk.pl\/index.php?rest_route=%2Fwp%2Fv2%2Fmedia&parent=973"}],"curies":[{"name":"wp","href":"https:\/\/api.w.org\/{rel}","templated":true}]}}