{"id":979,"date":"2024-10-22T11:37:42","date_gmt":"2024-10-22T09:37:42","guid":{"rendered":"https:\/\/lezajskmzk.pl\/?page_id=979"},"modified":"2026-04-14T13:52:22","modified_gmt":"2026-04-14T11:52:22","slug":"kompostownia-komwita","status":"publish","type":"page","link":"https:\/\/mzklezajsk.pl\/?page_id=979","title":{"rendered":"Kompostownia Komwita"},"content":{"rendered":"\t\t<div data-elementor-type=\"wp-page\" data-elementor-id=\"979\" class=\"elementor elementor-979\">\n\t\t\t\t\t\t<section class=\"elementor-section elementor-top-section elementor-element elementor-element-ad0ab82 elementor-section-boxed elementor-section-height-default elementor-section-height-default\" data-id=\"ad0ab82\" data-element_type=\"section\">\n\t\t\t\t\t\t<div class=\"elementor-container elementor-column-gap-default\">\n\t\t\t\t\t<div class=\"aux-parallax-section elementor-column elementor-col-100 elementor-top-column elementor-element elementor-element-657e5df\" data-id=\"657e5df\" data-element_type=\"column\">\n\t\t\t<div class=\"elementor-widget-wrap elementor-element-populated\">\n\t\t\t\t\t\t<div class=\"elementor-element elementor-element-4556c74 elementor-widget elementor-widget-image\" data-id=\"4556c74\" data-element_type=\"widget\" data-widget_type=\"image.default\">\n\t\t\t\t<div class=\"elementor-widget-container\">\n\t\t\t\t\t\t\t\t\t\t\t\t\t<img fetchpriority=\"high\" decoding=\"async\" width=\"2000\" height=\"244\" src=\"https:\/\/mzklezajsk.pl\/wp-content\/uploads\/2024\/12\/komwita_pelna_nazwa_JPG-1.jpg\" class=\"attachment-full size-full wp-image-2643\" alt=\"\" srcset=\"https:\/\/mzklezajsk.pl\/wp-content\/uploads\/2024\/12\/komwita_pelna_nazwa_JPG-1.jpg 2000w, https:\/\/mzklezajsk.pl\/wp-content\/uploads\/2024\/12\/komwita_pelna_nazwa_JPG-1-1536x187.jpg 1536w, https:\/\/mzklezajsk.pl\/wp-content\/uploads\/2024\/12\/komwita_pelna_nazwa_JPG-1-200x24.jpg 200w\" sizes=\"(max-width: 2000px) 100vw, 2000px\" \/>\t\t\t\t\t\t\t\t\t\t\t\t\t<\/div>\n\t\t\t\t<\/div>\n\t\t\t\t\t<\/div>\n\t\t<\/div>\n\t\t\t\t\t<\/div>\n\t\t<\/section>\n\t\t\t\t<section class=\"elementor-section elementor-top-section elementor-element elementor-element-8d730bd elementor-section-boxed elementor-section-height-default elementor-section-height-default\" data-id=\"8d730bd\" data-element_type=\"section\">\n\t\t\t\t\t\t<div class=\"elementor-container elementor-column-gap-default\">\n\t\t\t\t\t<div class=\"aux-parallax-section elementor-column elementor-col-100 elementor-top-column elementor-element elementor-element-5c71031\" data-id=\"5c71031\" data-element_type=\"column\">\n\t\t\t<div class=\"elementor-widget-wrap elementor-element-populated\">\n\t\t\t\t\t\t<div class=\"elementor-element elementor-element-cd9b319 elementor-widget elementor-widget-aux_menu_box\" data-id=\"cd9b319\" data-element_type=\"widget\" data-widget_type=\"aux_menu_box.default\">\n\t\t\t\t<div class=\"elementor-widget-container\">\n\t\t\t<div class=\"aux-elementor-header-menu aux-nav-menu-element aux-nav-menu-element-cd9b319\"><div class=\"aux-burger-box\" data-target-panel=\"overlay\" data-target-content=\".elementor-element-cd9b319 .aux-master-menu\"><div class=\"aux-burger aux-thick-large\"><span class=\"mid-line\"><\/span><\/div><\/div><!-- start master menu -->\n<nav id=\"master-menu-elementor-cd9b319\" class=\"menu-kompostownia-container\">\n\n\t<ul id=\"menu-kompostownia\" class=\"aux-master-menu aux-no-js aux-skin-classic aux-with-indicator aux-with-splitter aux-horizontal\" data-type=\"horizontal\"  data-switch-type=\"accordion\" data-switch-parent=\".elementor-element-cd9b319 .aux-fs-popup .aux-fs-menu\" data-switch-width=\"768\"  >\n\t\t<!-- start single menu -->\n\t\t<li id=\"menu-item-2420\" class=\"menu-item menu-item-type-post_type menu-item-object-page menu-item-2420 aux-menu-depth-0 aux-menu-root-1 aux-menu-item\">\n\t\t\t<a href=\"https:\/\/mzklezajsk.pl\/?page_id=1246\" class=\"aux-item-content\">\n\t\t\t\t<span class=\"aux-menu-label\">Sprzeda\u017c kompostu<\/span>\n\t\t\t<\/a>\n\t\t<\/li>\n\t\t<!-- end single menu -->\n\t\t<!-- start single menu -->\n\t\t<li id=\"menu-item-2421\" class=\"menu-item menu-item-type-post_type menu-item-object-page menu-item-2421 aux-menu-depth-0 aux-menu-root-2 aux-menu-item\">\n\t\t\t<a href=\"https:\/\/mzklezajsk.pl\/?page_id=1248\" class=\"aux-item-content\">\n\t\t\t\t<span class=\"aux-menu-label\">Instrukcja stosowania i przechowywania<\/span>\n\t\t\t<\/a>\n\t\t<\/li>\n\t\t<!-- end single menu -->\n\t\t<!-- start single menu -->\n\t\t<li id=\"menu-item-2422\" class=\"menu-item menu-item-type-post_type menu-item-object-page menu-item-2422 aux-menu-depth-0 aux-menu-root-3 aux-menu-item\">\n\t\t\t<a href=\"https:\/\/mzklezajsk.pl\/?page_id=1249\" class=\"aux-item-content\">\n\t\t\t\t<span class=\"aux-menu-label\">Punkt Selektywnej Zbi\u00f3rki Odpad\u00f3w Komunalnych<\/span>\n\t\t\t<\/a>\n\t\t<\/li>\n\t\t<!-- end single menu -->\n\t\t<!-- start single menu -->\n\t\t<li id=\"menu-item-2423\" class=\"menu-item menu-item-type-post_type menu-item-object-page menu-item-2423 aux-menu-depth-0 aux-menu-root-4 aux-menu-item\">\n\t\t\t<a href=\"https:\/\/mzklezajsk.pl\/?page_id=990\" class=\"aux-item-content\">\n\t\t\t\t<span class=\"aux-menu-label\">Kompostownia Komwita &#8211; pliki do pobrania<\/span>\n\t\t\t<\/a>\n\t\t<\/li>\n\t\t<!-- end single menu -->\n\t\t<!-- start single menu -->\n\t\t<li id=\"menu-item-2426\" class=\"menu-item menu-item-type-post_type menu-item-object-page menu-item-2426 aux-menu-depth-0 aux-menu-root-5 aux-menu-item\">\n\t\t\t<a href=\"https:\/\/mzklezajsk.pl\/?page_id=1251\" class=\"aux-item-content\">\n\t\t\t\t<span class=\"aux-menu-label\">Kontakt<\/span>\n\t\t\t<\/a>\n\t\t<\/li>\n\t\t<!-- end single menu -->\n\t<\/ul>\n\n<\/nav>\n<!-- end master menu -->\n<section class=\"aux-fs-popup aux-fs-menu-layout-center aux-indicator\"><div class=\"aux-panel-close\"><div class=\"aux-close aux-cross-symbol aux-thick-medium\"><\/div><\/div><div class=\"aux-fs-menu\" data-menu-title=\"\"><\/div><\/section><\/div><style>@media only screen and (min-width: 769px) { .elementor-element-cd9b319 .aux-burger-box { display: none } }<\/style>\t\t<\/div>\n\t\t\t\t<\/div>\n\t\t\t\t<div class=\"elementor-element elementor-element-7cd07ea elementor-widget elementor-widget-text-editor\" data-id=\"7cd07ea\" data-element_type=\"widget\" data-widget_type=\"text-editor.default\">\n\t\t\t\t<div class=\"elementor-widget-container\">\n\t\t\t\t\t\t\t<section class=\"content\"><div class=\"container content-container\"><div id=\"main-content\" class=\"content-box\" data-space=\"0\"><p style=\"text-align: left;\">Kompostowanie jest biochemicznym procesem rozk\u0142adu zwi\u0105zk\u00f3w organicznych zawartych w\u00a0odpadach miejskich, przemys\u0142owych, czy \u015bciekowych. Kompostowanie osad\u00f3w \u015bciekowych oparte jest na naturalnych reakcjach biochemicznych, zintensyfikowanych w\u00a0sztucznie wytworzonych, optymalnych warunkach. Podstawowymi procesami zachodz\u0105cymi podczas kompostowania s\u0105 mineralizacja, humifikacja, butwienie, murszenie i\u00a0zw\u0119glanie. Ko\u0144cowym produktem kompostowania jest ziemia humus \u2013 naw\u00f3z organiczny, zapachem i\u00a0barw\u0105 przypominaj\u0105cy \u015bci\u00f3\u0142k\u0119 le\u015bn\u0105, znajduj\u0105cy szerokie zastosowanie w\u00a0rolnictwie.<\/p><p style=\"text-align: left;\">W sk\u0142ad materia\u0142u wyj\u015bciowego do produkcji kompostu wykorzystujemy odpady takie jak:<\/p><ul style=\"text-align: left;\"><li>odpady z\u00a0kory i\u00a0drewna (03 03 01)<\/li><li>trociny, wi\u00f3ry, \u015bcinki (03 01 05)<\/li><li>odpadowa masa ro\u015blinna (02 01 03)<\/li><li>odpady tytoniowe (02 03 82)<\/li><li>komunalne osady \u015bciekowe (19 08 05)<\/li><li>odpady ulegaj\u0105ce biodegradacji (20 02 01)<\/li><\/ul><p style=\"text-align: left;\">Ka\u017cda partia wyprodukowanego kompostu jest badana pod wzgl\u0119dem zawarto\u015bci sk\u0142adnik\u00f3w\u00a0od\u017cywczych, metali ci\u0119\u017ckich i\u00a0bakteriologii. Gotowy kompost (naw\u00f3z organiczny) jest przeznaczony do\u00a0poprawy \u017cyzno\u015bci gleb i\u00a0rozwoju ro\u015blin. Jego dzia\u0142anie nawozowe podobne jest do dzia\u0142ania obornika,\u00a0w\u0142a\u015bciwo\u015bci agrotechniczne sprawiaj\u0105, \u017ce mo\u017ce on by\u0107 u\u017cyty na wszystkich rodzajach gleb, zw\u0142aszcza\u00a0lekkich.<\/p><p><a href=\"https:\/\/mzklezajsk.pl\/?page_id=1250\">Cennik <\/a><a href=\"http:\/\/mzklezajsk.pl\/wp-content\/uploads\/2026\/04\/Cennik-kompostownia-2.pdf\">\u201e<\/a><a href=\"https:\/\/mzklezajsk.pl\/?page_id=1250\">Komwita&#8221;<\/a><\/p><div>\u00a0<\/div><\/div><\/div><\/section>\t\t\t\t\t\t<\/div>\n\t\t\t\t<\/div>\n\t\t\t\t\t<\/div>\n\t\t<\/div>\n\t\t\t\t\t<\/div>\n\t\t<\/section>\n\t\t\t\t<section class=\"elementor-section elementor-top-section elementor-element elementor-element-f346ff5 elementor-section-boxed elementor-section-height-default elementor-section-height-default\" data-id=\"f346ff5\" data-element_type=\"section\">\n\t\t\t\t\t\t<div class=\"elementor-container elementor-column-gap-default\">\n\t\t\t\t\t<div class=\"aux-parallax-section elementor-column elementor-col-33 elementor-top-column elementor-element elementor-element-f1d1d0e\" data-id=\"f1d1d0e\" data-element_type=\"column\">\n\t\t\t<div class=\"elementor-widget-wrap\">\n\t\t\t\t\t\t\t<\/div>\n\t\t<\/div>\n\t\t\t\t<div class=\"aux-parallax-section elementor-column elementor-col-33 elementor-top-column elementor-element elementor-element-c3d4f10\" data-id=\"c3d4f10\" data-element_type=\"column\">\n\t\t\t<div class=\"elementor-widget-wrap elementor-element-populated\">\n\t\t\t\t\t\t<div class=\"elementor-element elementor-element-418d189 elementor-widget__width-initial elementor-widget elementor-widget-image\" data-id=\"418d189\" data-element_type=\"widget\" data-widget_type=\"image.default\">\n\t\t\t\t<div class=\"elementor-widget-container\">\n\t\t\t\t\t\t\t\t\t\t\t\t\t<img decoding=\"async\" width=\"2000\" height=\"1241\" src=\"https:\/\/mzklezajsk.pl\/wp-content\/uploads\/2024\/12\/Kompost_1-1.jpg\" class=\"attachment-full size-full wp-image-2644\" alt=\"\" srcset=\"https:\/\/mzklezajsk.pl\/wp-content\/uploads\/2024\/12\/Kompost_1-1.jpg 2000w, https:\/\/mzklezajsk.pl\/wp-content\/uploads\/2024\/12\/Kompost_1-1-1536x953.jpg 1536w, https:\/\/mzklezajsk.pl\/wp-content\/uploads\/2024\/12\/Kompost_1-1-200x124.jpg 200w\" sizes=\"(max-width: 2000px) 100vw, 2000px\" \/>\t\t\t\t\t\t\t\t\t\t\t\t\t<\/div>\n\t\t\t\t<\/div>\n\t\t\t\t\t<\/div>\n\t\t<\/div>\n\t\t\t\t<div class=\"aux-parallax-section elementor-column elementor-col-33 elementor-top-column elementor-element elementor-element-71a4472\" data-id=\"71a4472\" data-element_type=\"column\">\n\t\t\t<div class=\"elementor-widget-wrap\">\n\t\t\t\t\t\t\t<\/div>\n\t\t<\/div>\n\t\t\t\t\t<\/div>\n\t\t<\/section>\n\t\t\t\t<\/div>\n\t\t","protected":false},"excerpt":{"rendered":"<p>Sprzeda\u017c kompostu Instrukcja stosowania i przechowywania Punkt Selektywnej Zbi\u00f3rki Odpad\u00f3w Komunalnych Kompostownia Komwita &#8211; pliki do pobrania Kontakt Kompostowanie jest biochemicznym procesem rozk\u0142adu zwi\u0105zk\u00f3w organicznych zawartych w\u00a0odpadach miejskich, przemys\u0142owych, czy \u015bciekowych. Kompostowanie osad\u00f3w \u015bciekowych oparte jest na naturalnych reakcjach biochemicznych, zintensyfikowanych w\u00a0sztucznie wytworzonych, optymalnych warunkach. Podstawowymi procesami zachodz\u0105cymi podczas kompostowania s\u0105 mineralizacja, humifikacja, butwienie, murszenie [&hellip;]<\/p>\n","protected":false},"author":1,"featured_media":0,"parent":0,"menu_order":0,"comment_status":"closed","ping_status":"closed","template":"","meta":{"footnotes":""},"class_list":["post-979","page","type-page","status-publish","hentry"],"_links":{"self":[{"href":"https:\/\/mzklezajsk.pl\/index.php?rest_route=\/wp\/v2\/pages\/979","targetHints":{"allow":["GET"]}}],"collection":[{"href":"https:\/\/mzklezajsk.pl\/index.php?rest_route=\/wp\/v2\/pages"}],"about":[{"href":"https:\/\/mzklezajsk.pl\/index.php?rest_route=\/wp\/v2\/types\/page"}],"author":[{"embeddable":true,"href":"https:\/\/mzklezajsk.pl\/index.php?rest_route=\/wp\/v2\/users\/1"}],"replies":[{"embeddable":true,"href":"https:\/\/mzklezajsk.pl\/index.php?rest_route=%2Fwp%2Fv2%2Fcomments&post=979"}],"version-history":[{"count":65,"href":"https:\/\/mzklezajsk.pl\/index.php?rest_route=\/wp\/v2\/pages\/979\/revisions"}],"predecessor-version":[{"id":3794,"href":"https:\/\/mzklezajsk.pl\/index.php?rest_route=\/wp\/v2\/pages\/979\/revisions\/3794"}],"wp:attachment":[{"href":"https:\/\/mzklezajsk.pl\/index.php?rest_route=%2Fwp%2Fv2%2Fmedia&parent=979"}],"curies":[{"name":"wp","href":"https:\/\/api.w.org\/{rel}","templated":true}]}}