{"id":981,"date":"2024-10-22T11:37:42","date_gmt":"2024-10-22T09:37:42","guid":{"rendered":"https:\/\/lezajskmzk.pl\/?page_id=981"},"modified":"2024-12-04T11:39:16","modified_gmt":"2024-12-04T10:39:16","slug":"uslugi-pogrzebowe-i-cmentarne","status":"publish","type":"page","link":"https:\/\/mzklezajsk.pl\/?page_id=981","title":{"rendered":"Us\u0142ugi pogrzebowe i Cmentarne"},"content":{"rendered":"\t\t<div data-elementor-type=\"wp-page\" data-elementor-id=\"981\" class=\"elementor elementor-981\">\n\t\t\t\t\t\t<section class=\"elementor-section elementor-top-section elementor-element elementor-element-95af078 elementor-section-boxed elementor-section-height-default elementor-section-height-default\" data-id=\"95af078\" data-element_type=\"section\">\n\t\t\t\t\t\t<div class=\"elementor-container elementor-column-gap-default\">\n\t\t\t\t\t<div class=\"aux-parallax-section elementor-column elementor-col-100 elementor-top-column elementor-element elementor-element-c55112c\" data-id=\"c55112c\" data-element_type=\"column\">\n\t\t\t<div class=\"elementor-widget-wrap elementor-element-populated\">\n\t\t\t\t\t\t<div class=\"elementor-element elementor-element-a73b951 elementor-widget elementor-widget-text-editor\" data-id=\"a73b951\" data-element_type=\"widget\" data-widget_type=\"text-editor.default\">\n\t\t\t\t<div class=\"elementor-widget-container\">\n\t\t\t\t\t\t\t<p><strong>Telefon ca\u0142odobowy: <a href=\"tel:605760613\">605 760 613<\/a><\/strong><\/p><h2 style=\"text-align: center;\">Budynek administracji cmentarza<\/h2>\t\t\t\t\t\t<\/div>\n\t\t\t\t<\/div>\n\t\t\t\t\t<\/div>\n\t\t<\/div>\n\t\t\t\t\t<\/div>\n\t\t<\/section>\n\t\t\t\t<section class=\"elementor-section elementor-top-section elementor-element elementor-element-daf7466 elementor-section-boxed elementor-section-height-default elementor-section-height-default\" data-id=\"daf7466\" data-element_type=\"section\">\n\t\t\t\t\t\t<div class=\"elementor-container elementor-column-gap-default\">\n\t\t\t\t\t<div class=\"aux-parallax-section elementor-column elementor-col-100 elementor-top-column elementor-element elementor-element-f50f044\" data-id=\"f50f044\" data-element_type=\"column\">\n\t\t\t<div class=\"elementor-widget-wrap elementor-element-populated\">\n\t\t\t\t\t\t<div class=\"elementor-element elementor-element-15beaee elementor-widget elementor-widget-image\" data-id=\"15beaee\" data-element_type=\"widget\" data-widget_type=\"image.default\">\n\t\t\t\t<div class=\"elementor-widget-container\">\n\t\t\t\t\t\t\t\t\t\t\t\t\t<img fetchpriority=\"high\" decoding=\"async\" width=\"768\" height=\"576\" src=\"https:\/\/mzklezajsk.pl\/wp-content\/uploads\/2024\/11\/IMG_20190522_110144_768x576.jpg\" class=\"attachment-medium_large size-medium_large wp-image-2240\" alt=\"\" srcset=\"https:\/\/mzklezajsk.pl\/wp-content\/uploads\/2024\/11\/IMG_20190522_110144_768x576.jpg 768w, https:\/\/mzklezajsk.pl\/wp-content\/uploads\/2024\/11\/IMG_20190522_110144_768x576-200x150.jpg 200w\" sizes=\"(max-width: 768px) 100vw, 768px\" \/>\t\t\t\t\t\t\t\t\t\t\t\t\t<\/div>\n\t\t\t\t<\/div>\n\t\t\t\t\t<\/div>\n\t\t<\/div>\n\t\t\t\t\t<\/div>\n\t\t<\/section>\n\t\t\t\t<section class=\"elementor-section elementor-top-section elementor-element elementor-element-d9a9cbd elementor-section-boxed elementor-section-height-default elementor-section-height-default\" data-id=\"d9a9cbd\" data-element_type=\"section\">\n\t\t\t\t\t\t<div class=\"elementor-container elementor-column-gap-default\">\n\t\t\t\t\t<div class=\"aux-parallax-section elementor-column elementor-col-100 elementor-top-column elementor-element elementor-element-7b75604\" data-id=\"7b75604\" data-element_type=\"column\">\n\t\t\t<div class=\"elementor-widget-wrap elementor-element-populated\">\n\t\t\t\t\t\t<div class=\"elementor-element elementor-element-4985f96 elementor-widget__width-initial elementor-widget elementor-widget-text-editor\" data-id=\"4985f96\" data-element_type=\"widget\" data-widget_type=\"text-editor.default\">\n\t\t\t\t<div class=\"elementor-widget-container\">\n\t\t\t\t\t\t\t<p>Cmentarz Miejski w\u00a0Le\u017cajsku po\u0142o\u017cony jest w\u00a0po\u0142udniowo-zachodniej cz\u0119\u015bci miasta u zbiegu ulic Rzeszowskiej i\u00a0Cmentarnej. Od roku 1967 opiek\u0105 i\u00a0administracj\u0105 cmentarza zajmuje si\u0119 Miejski Zak\u0142ad Komunalny, kt\u00f3ry jest jedn\u0105 z\u00a0najd\u0142u\u017cej istniej\u0105cych firm w\u00a0mie\u015bcie. Posiadaj\u0105c d\u0142ugoletnie do\u015bwiadczenie w\u00a0profesjonalny i\u00a0rzetelny spos\u00f3b \u015bwiadczymy kompleksowe us\u0142ugi pogrzebowe oraz cmentarne w\u00a0zakresie:<\/p><ul><li>eksploatacji Cmentarza Komunalnego, zgodnie z\u00a0tre\u015bci\u0105 umowy wi\u0105\u017c\u0105cej Sp\u00f3\u0142k\u0119 z\u00a0w\u0142a\u015bcicielem cmentarza Gmin\u0105 Miasto Le\u017cajsk,<\/li><li>\u015bwiadczenia us\u0142ug pogrzebowych i\u00a0cmentarnych oraz us\u0142ug specjalistycznymi \u015brodkami transportu,<\/li><li>budowy i\u00a0piel\u0119gnacji grob\u00f3w oraz pomnik\u00f3w<\/li><\/ul><p>Do dyspozycji Naszych klient\u00f3w udost\u0119pniamy dwa budynki znajduj\u0105ce si\u0119 na terenie cmentarza. W pierwszym budynku mie\u015bci si\u0119 biuro administracji cmentarza i\u00a0obs\u0142ugi klienta, ekspozycja trumien, tabliczek nagrobnych, krzy\u017cy, klepsydr, odzie\u017cy dla Zmar\u0142ych jak r\u00f3wnie\u017c sklep z\u00a0artyku\u0142ami nagrobnymi tj. znicze, wk\u0142ady, kwiaty, wie\u0144ce, wi\u0105zanki i\u00a0wszelkie dost\u0119pne artyku\u0142y do upi\u0119kszania, ozdabiania\u00a0 i\u00a0piel\u0119gnacji grob\u00f3w.<\/p><h2 style=\"text-align: center;\">Kaplica cmentarna<\/h2><p>\u00a0<\/p>\t\t\t\t\t\t<\/div>\n\t\t\t\t<\/div>\n\t\t\t\t\t<\/div>\n\t\t<\/div>\n\t\t\t\t\t<\/div>\n\t\t<\/section>\n\t\t\t\t<section class=\"elementor-section elementor-top-section elementor-element elementor-element-da4e112 elementor-section-boxed elementor-section-height-default elementor-section-height-default\" data-id=\"da4e112\" data-element_type=\"section\">\n\t\t\t\t\t\t<div class=\"elementor-container elementor-column-gap-default\">\n\t\t\t\t\t<div class=\"aux-parallax-section elementor-column elementor-col-100 elementor-top-column elementor-element elementor-element-7643eac\" data-id=\"7643eac\" data-element_type=\"column\">\n\t\t\t<div class=\"elementor-widget-wrap elementor-element-populated\">\n\t\t\t\t\t\t<div class=\"elementor-element elementor-element-15b6a96 elementor-widget elementor-widget-image\" data-id=\"15b6a96\" data-element_type=\"widget\" data-widget_type=\"image.default\">\n\t\t\t\t<div class=\"elementor-widget-container\">\n\t\t\t\t\t\t\t\t\t\t\t\t\t<img decoding=\"async\" width=\"768\" height=\"576\" src=\"https:\/\/mzklezajsk.pl\/wp-content\/uploads\/2024\/11\/20190522_100741_768x576.jpg\" class=\"attachment-medium_large size-medium_large wp-image-2265\" alt=\"\" srcset=\"https:\/\/mzklezajsk.pl\/wp-content\/uploads\/2024\/11\/20190522_100741_768x576.jpg 768w, https:\/\/mzklezajsk.pl\/wp-content\/uploads\/2024\/11\/20190522_100741_768x576-200x150.jpg 200w\" sizes=\"(max-width: 768px) 100vw, 768px\" \/>\t\t\t\t\t\t\t\t\t\t\t\t\t<\/div>\n\t\t\t\t<\/div>\n\t\t\t\t\t<\/div>\n\t\t<\/div>\n\t\t\t\t\t<\/div>\n\t\t<\/section>\n\t\t\t\t<section class=\"elementor-section elementor-top-section elementor-element elementor-element-34ead9f elementor-section-boxed elementor-section-height-default elementor-section-height-default\" data-id=\"34ead9f\" data-element_type=\"section\">\n\t\t\t\t\t\t<div class=\"elementor-container elementor-column-gap-default\">\n\t\t\t\t\t<div class=\"aux-parallax-section elementor-column elementor-col-100 elementor-top-column elementor-element elementor-element-d0b14ef\" data-id=\"d0b14ef\" data-element_type=\"column\">\n\t\t\t<div class=\"elementor-widget-wrap elementor-element-populated\">\n\t\t\t\t\t\t<div class=\"elementor-element elementor-element-318b698 elementor-widget elementor-widget-text-editor\" data-id=\"318b698\" data-element_type=\"widget\" data-widget_type=\"text-editor.default\">\n\t\t\t\t<div class=\"elementor-widget-container\">\n\t\t\t\t\t\t\t<p>Drugim budynkiem\u00a0jest kaplica, kt\u00f3ra zosta\u0142a w 2018r. wyremontowana i\u00a0spe\u0142nia wysokie standardy obs\u0142ugi ceremonii pogrzebowej. Jest wyposa\u017cona \u00a0w\u00a0sal\u0119 po\u017cegna\u0144, ch\u0142odnie, pomieszczenie do przygotowywania zw\u0142ok oraz pomieszczenie socjalne z\u00a0toaletami.<\/p><p>Podniesione standardy us\u0142ug daj\u0105 du\u017c\u0105 mo\u017cliwo\u015b\u0107 wyboru nie tylko akcesori\u00f3w pogrzebowych ale r\u00f3wnie\u017c obs\u0142ugi pogrzebu w\u00a0wybranym obrz\u0105dku wyznaniowym. Jeste\u015bmy otwarci na spe\u0142nienie oczekiwa\u0144 klient\u00f3w, kt\u00f3rzy musz\u0105 przej\u015b\u0107 tak trudn\u0105 i\u00a0bolesn\u0105 sytuacj\u0119, jak\u0105 jest \u015bmier\u0107 bliskiej osoby.<\/p><p>Ka\u017cdy z\u00a0nas ma inne wyobra\u017cenie o\u00a0ostatniej drodze naszego bliskiego, a my dope\u0142nimy wszelkich stara\u0144 aby odzwierciedli\u0107 wyb\u00f3r rodziny w\u00a0praktyce. Oferujemy wsparcie i\u00a0pomoc na ka\u017cdym etapie organizowania ceremonii \u017ca\u0142obnej. Zlecaj\u0105c nam us\u0142ug\u0119, rodzina jest traktowana przez nas z\u00a0nale\u017cytym jej szacunkiem i\u00a0pe\u0142nym zrozumieniem do zaistnia\u0142ej sytuacji.<\/p><h2>Kontakt<\/h2><p>tel. <a href=\"https:\/\/mzklezajsk.pl\/wydzialy\/uslugi-pogrzebowe-i-cmentarne\/+48172430043\">+48 17 243 00 43<\/a><br \/>tel. ca\u0142odobowy: <a href=\"tel:605760613\">605 760\u00a0613<\/a><br \/>e-mail:\u00a0<a href=\"mailto:upic@mzklezajsk.pl\">upic@mzklezajsk.pl<\/a><\/p>\t\t\t\t\t\t<\/div>\n\t\t\t\t<\/div>\n\t\t\t\t\t<\/div>\n\t\t<\/div>\n\t\t\t\t\t<\/div>\n\t\t<\/section>\n\t\t\t\t<section class=\"elementor-section elementor-top-section elementor-element elementor-element-d559e86 elementor-section-boxed elementor-section-height-default elementor-section-height-default\" data-id=\"d559e86\" data-element_type=\"section\">\n\t\t\t\t\t\t<div class=\"elementor-container elementor-column-gap-default\">\n\t\t\t\t\t<div class=\"aux-parallax-section elementor-column elementor-col-33 elementor-top-column elementor-element elementor-element-c42c02a\" data-id=\"c42c02a\" data-element_type=\"column\">\n\t\t\t<div class=\"elementor-widget-wrap\">\n\t\t\t\t\t\t\t<\/div>\n\t\t<\/div>\n\t\t\t\t<div class=\"aux-parallax-section elementor-column elementor-col-33 elementor-top-column elementor-element elementor-element-31cd511\" data-id=\"31cd511\" data-element_type=\"column\">\n\t\t\t<div class=\"elementor-widget-wrap elementor-element-populated\">\n\t\t\t\t\t\t<div class=\"elementor-element elementor-element-87f77c2 elementor-widget elementor-widget-image\" data-id=\"87f77c2\" data-element_type=\"widget\" data-widget_type=\"image.default\">\n\t\t\t\t<div class=\"elementor-widget-container\">\n\t\t\t\t\t\t\t\t\t\t\t\t\t\t<a href=\"http:\/\/mogily.pl\/lezajskkomunalny\/wirtualny-spacer\">\n\t\t\t\t\t\t\t<img decoding=\"async\" width=\"1024\" height=\"232\" src=\"https:\/\/mzklezajsk.pl\/wp-content\/uploads\/2024\/12\/cmentarz_lezajsk_panorama_1024x2.jpg\" class=\"attachment-large size-large wp-image-2648\" alt=\"\" srcset=\"https:\/\/mzklezajsk.pl\/wp-content\/uploads\/2024\/12\/cmentarz_lezajsk_panorama_1024x2.jpg 1024w, https:\/\/mzklezajsk.pl\/wp-content\/uploads\/2024\/12\/cmentarz_lezajsk_panorama_1024x2-200x45.jpg 200w\" sizes=\"(max-width: 1024px) 100vw, 1024px\" \/>\t\t\t\t\t\t\t\t<\/a>\n\t\t\t\t\t\t\t\t\t\t\t\t\t<\/div>\n\t\t\t\t<\/div>\n\t\t\t\t\t<\/div>\n\t\t<\/div>\n\t\t\t\t<div class=\"aux-parallax-section elementor-column elementor-col-33 elementor-top-column elementor-element elementor-element-9c8e989\" data-id=\"9c8e989\" data-element_type=\"column\">\n\t\t\t<div class=\"elementor-widget-wrap\">\n\t\t\t\t\t\t\t<\/div>\n\t\t<\/div>\n\t\t\t\t\t<\/div>\n\t\t<\/section>\n\t\t\t\t<\/div>\n\t\t","protected":false},"excerpt":{"rendered":"<p>Telefon ca\u0142odobowy: 605 760 613 Budynek administracji cmentarza Cmentarz Miejski w\u00a0Le\u017cajsku po\u0142o\u017cony jest w\u00a0po\u0142udniowo-zachodniej cz\u0119\u015bci miasta u zbiegu ulic Rzeszowskiej i\u00a0Cmentarnej. Od roku 1967 opiek\u0105 i\u00a0administracj\u0105 cmentarza zajmuje si\u0119 Miejski Zak\u0142ad Komunalny, kt\u00f3ry jest jedn\u0105 z\u00a0najd\u0142u\u017cej istniej\u0105cych firm w\u00a0mie\u015bcie. Posiadaj\u0105c d\u0142ugoletnie do\u015bwiadczenie w\u00a0profesjonalny i\u00a0rzetelny spos\u00f3b \u015bwiadczymy kompleksowe us\u0142ugi pogrzebowe oraz cmentarne w\u00a0zakresie: eksploatacji Cmentarza Komunalnego, [&hellip;]<\/p>\n","protected":false},"author":1,"featured_media":0,"parent":0,"menu_order":0,"comment_status":"closed","ping_status":"closed","template":"","meta":{"footnotes":""},"class_list":["post-981","page","type-page","status-publish","hentry"],"_links":{"self":[{"href":"https:\/\/mzklezajsk.pl\/index.php?rest_route=\/wp\/v2\/pages\/981","targetHints":{"allow":["GET"]}}],"collection":[{"href":"https:\/\/mzklezajsk.pl\/index.php?rest_route=\/wp\/v2\/pages"}],"about":[{"href":"https:\/\/mzklezajsk.pl\/index.php?rest_route=\/wp\/v2\/types\/page"}],"author":[{"embeddable":true,"href":"https:\/\/mzklezajsk.pl\/index.php?rest_route=\/wp\/v2\/users\/1"}],"replies":[{"embeddable":true,"href":"https:\/\/mzklezajsk.pl\/index.php?rest_route=%2Fwp%2Fv2%2Fcomments&post=981"}],"version-history":[{"count":22,"href":"https:\/\/mzklezajsk.pl\/index.php?rest_route=\/wp\/v2\/pages\/981\/revisions"}],"predecessor-version":[{"id":2654,"href":"https:\/\/mzklezajsk.pl\/index.php?rest_route=\/wp\/v2\/pages\/981\/revisions\/2654"}],"wp:attachment":[{"href":"https:\/\/mzklezajsk.pl\/index.php?rest_route=%2Fwp%2Fv2%2Fmedia&parent=981"}],"curies":[{"name":"wp","href":"https:\/\/api.w.org\/{rel}","templated":true}]}}